{"id":149,"date":"2016-03-22T19:40:39","date_gmt":"2016-03-22T18:40:39","guid":{"rendered":"http:\/\/amicalelaiquelaferte.fr\/?page_id=149"},"modified":"2018-05-16T17:28:36","modified_gmt":"2018-05-16T16:28:36","slug":"ou-sont-nous","status":"publish","type":"page","link":"https:\/\/amicalelaiquelaferte.fr\/index.php\/ou-sont-nous\/","title":{"rendered":"O\u00f9 sommes nous"},"content":{"rendered":"<p style=\"text-align: center;\"><strong>Plan : cliquez sur l&rsquo;image ci dessous<\/strong><\/p>\n<p style=\"text-align: center;\"><a href=\"https:\/\/www.google.fr\/maps\/place\/Rue+Pierre+Marx,+77260+La+Fert%C3%A9-sous-Jouarre\/@48.9498532,3.1231952,476m\/data=!3m1!1e3!4m5!3m4!1s0x47e8be8e4d4f0469:0x10b181be62a7d062!8m2!3d48.9497301!4d3.1162886\"><img loading=\"lazy\" decoding=\"async\" data-attachment-id=\"228\" data-permalink=\"https:\/\/amicalelaiquelaferte.fr\/index.php\/ou-sont-nous\/accesamicale2\/\" data-orig-file=\"https:\/\/i0.wp.com\/amicalelaiquelaferte.fr\/wp-content\/uploads\/2016\/05\/accesAmicale2.jpg?fit=1105%2C516&amp;ssl=1\" data-orig-size=\"1105,516\" data-comments-opened=\"0\" data-image-meta=\"{&quot;aperture&quot;:&quot;0&quot;,&quot;credit&quot;:&quot;&quot;,&quot;camera&quot;:&quot;&quot;,&quot;caption&quot;:&quot;&quot;,&quot;created_timestamp&quot;:&quot;0&quot;,&quot;copyright&quot;:&quot;&quot;,&quot;focal_length&quot;:&quot;0&quot;,&quot;iso&quot;:&quot;0&quot;,&quot;shutter_speed&quot;:&quot;0&quot;,&quot;title&quot;:&quot;&quot;,&quot;orientation&quot;:&quot;0&quot;}\" data-image-title=\"accesAmicale2\" data-image-description=\"\" data-image-caption=\"\" data-medium-file=\"https:\/\/i0.wp.com\/amicalelaiquelaferte.fr\/wp-content\/uploads\/2016\/05\/accesAmicale2.jpg?fit=300%2C140&amp;ssl=1\" data-large-file=\"https:\/\/i0.wp.com\/amicalelaiquelaferte.fr\/wp-content\/uploads\/2016\/05\/accesAmicale2.jpg?fit=800%2C373&amp;ssl=1\" class=\"alignnone wp-image-228 \" src=\"https:\/\/i0.wp.com\/amicalelaiquelaferte.fr\/wp-content\/uploads\/2016\/05\/accesAmicale2.jpg?resize=800%2C374\" alt=\"accesAmicale2\" width=\"800\" height=\"374\" srcset=\"https:\/\/i0.wp.com\/amicalelaiquelaferte.fr\/wp-content\/uploads\/2016\/05\/accesAmicale2.jpg?w=1105&amp;ssl=1 1105w, https:\/\/i0.wp.com\/amicalelaiquelaferte.fr\/wp-content\/uploads\/2016\/05\/accesAmicale2.jpg?resize=300%2C140&amp;ssl=1 300w, https:\/\/i0.wp.com\/amicalelaiquelaferte.fr\/wp-content\/uploads\/2016\/05\/accesAmicale2.jpg?resize=768%2C359&amp;ssl=1 768w, https:\/\/i0.wp.com\/amicalelaiquelaferte.fr\/wp-content\/uploads\/2016\/05\/accesAmicale2.jpg?resize=1024%2C478&amp;ssl=1 1024w\" sizes=\"auto, (max-width: 800px) 100vw, 800px\" data-recalc-dims=\"1\" \/><\/a><\/p>\n<p style=\"text-align: center;\">Rue Pierre Marx<\/p>\n<p style=\"text-align: right;\"><a href=\"https:\/\/www.google.fr\/maps\/place\/59+Rue+Pierre+Marx,+77260+La+Fert%C3%A9-sous-Jouarre\/@48.9493842,3.1231204,16z\/data=!4m7!1m4!3m3!1s0x47e8be92a062f209:0xfb39c7210601d4fd!2s59+Rue+Pierre+Marx,+77260+La+Fert%C3%A9-sous-Jouarre!3b1!3m1!1s0x47e8be92a062f209:0xfb39c7210601d4fd\" target=\"_blank\" rel=\"noopener\"><img loading=\"lazy\" decoding=\"async\" data-attachment-id=\"184\" data-permalink=\"https:\/\/amicalelaiquelaferte.fr\/index.php\/ou-sont-nous\/patrickboisdron-8135\/\" data-orig-file=\"https:\/\/i0.wp.com\/amicalelaiquelaferte.fr\/wp-content\/uploads\/2016\/03\/PatrickBoisdron-8135.jpg?fit=4279%2C2729&amp;ssl=1\" data-orig-size=\"4279,2729\" data-comments-opened=\"0\" data-image-meta=\"{&quot;aperture&quot;:&quot;5.6&quot;,&quot;credit&quot;:&quot;&quot;,&quot;camera&quot;:&quot;Canon EOS 550D&quot;,&quot;caption&quot;:&quot;&quot;,&quot;created_timestamp&quot;:&quot;1458836736&quot;,&quot;copyright&quot;:&quot;&quot;,&quot;focal_length&quot;:&quot;18&quot;,&quot;iso&quot;:&quot;100&quot;,&quot;shutter_speed&quot;:&quot;0.01&quot;,&quot;title&quot;:&quot;&quot;,&quot;orientation&quot;:&quot;0&quot;}\" data-image-title=\"PatrickBoisdron-8135\" data-image-description=\"\" data-image-caption=\"\" data-medium-file=\"https:\/\/i0.wp.com\/amicalelaiquelaferte.fr\/wp-content\/uploads\/2016\/03\/PatrickBoisdron-8135.jpg?fit=300%2C191&amp;ssl=1\" data-large-file=\"https:\/\/i0.wp.com\/amicalelaiquelaferte.fr\/wp-content\/uploads\/2016\/03\/PatrickBoisdron-8135.jpg?fit=800%2C510&amp;ssl=1\" class=\"size-medium wp-image-184 alignright\" src=\"https:\/\/i0.wp.com\/amicalelaiquelaferte.fr\/wp-content\/uploads\/2016\/03\/PatrickBoisdron-8135-300x191.jpg?resize=300%2C191\" alt=\"PatrickBoisdron-8135\" width=\"300\" height=\"191\" srcset=\"https:\/\/i0.wp.com\/amicalelaiquelaferte.fr\/wp-content\/uploads\/2016\/03\/PatrickBoisdron-8135.jpg?resize=300%2C191&amp;ssl=1 300w, https:\/\/i0.wp.com\/amicalelaiquelaferte.fr\/wp-content\/uploads\/2016\/03\/PatrickBoisdron-8135.jpg?resize=768%2C490&amp;ssl=1 768w, https:\/\/i0.wp.com\/amicalelaiquelaferte.fr\/wp-content\/uploads\/2016\/03\/PatrickBoisdron-8135.jpg?resize=1024%2C653&amp;ssl=1 1024w, https:\/\/i0.wp.com\/amicalelaiquelaferte.fr\/wp-content\/uploads\/2016\/03\/PatrickBoisdron-8135.jpg?w=1600&amp;ssl=1 1600w, https:\/\/i0.wp.com\/amicalelaiquelaferte.fr\/wp-content\/uploads\/2016\/03\/PatrickBoisdron-8135.jpg?w=2400&amp;ssl=1 2400w\" sizes=\"auto, (max-width: 300px) 100vw, 300px\" data-recalc-dims=\"1\" \/><\/a>En\u00a0venant du centre ville<\/p>\n<p style=\"text-align: right;\">\u00a0\u00a0\u00a0\u00a0\u00a0\u00a0\u00a0\u00a0\u00a0\u00a0\u00a0\u00a0\u00a0\u00a0\u00a0\u00a0\u00a0\u00a0\u00a0\u00a0\u00a0\u00a0\u00a0\u00a0\u00a0\u00a0\u00a0\u00a0\u00a0\u00a0\u00a0\u00a0\u00a0\u00a0\u00a0\u00a0\u00a0\u00a0\u00a0\u00a0\u00a0\u00a0\u00a0\u00a0\u00a0\u00a0\u00a0\u00a0\u00a0\u00a0\u00a0\u00a0\u00a0\u00a0\u00a0\u00a0\u00a0\u00a0\u00a0\u00a0\u00a0\u00a0\u00a0\u00a0\u00a0\u00a0<a href=\"https:\/\/www.google.fr\/maps\/place\/59+Rue+Pierre+Marx,+77260+La+Fert%C3%A9-sous-Jouarre\/@48.9493842,3.1231204,16z\/data=!4m7!1m4!3m3!1s0x47e8be92a062f209:0xfb39c7210601d4fd!2s59+Rue+Pierre+Marx,+77260+La+Fert%C3%A9-sous-Jouarre!3b1!3m1!1s0x47e8be92a062f209:0xfb39c7210601d4fd\" target=\"_blank\" rel=\"noopener\"><img loading=\"lazy\" decoding=\"async\" data-attachment-id=\"182\" data-permalink=\"https:\/\/amicalelaiquelaferte.fr\/index.php\/ou-sont-nous\/patrickboisdron-8133\/\" data-orig-file=\"https:\/\/i0.wp.com\/amicalelaiquelaferte.fr\/wp-content\/uploads\/2016\/03\/PatrickBoisdron-8133.jpg?fit=4635%2C2165&amp;ssl=1\" data-orig-size=\"4635,2165\" data-comments-opened=\"0\" data-image-meta=\"{&quot;aperture&quot;:&quot;5.6&quot;,&quot;credit&quot;:&quot;&quot;,&quot;camera&quot;:&quot;Canon EOS 550D&quot;,&quot;caption&quot;:&quot;&quot;,&quot;created_timestamp&quot;:&quot;1458836692&quot;,&quot;copyright&quot;:&quot;&quot;,&quot;focal_length&quot;:&quot;18&quot;,&quot;iso&quot;:&quot;100&quot;,&quot;shutter_speed&quot;:&quot;0.008&quot;,&quot;title&quot;:&quot;&quot;,&quot;orientation&quot;:&quot;0&quot;}\" data-image-title=\"PatrickBoisdron-8133\" data-image-description=\"\" data-image-caption=\"\" data-medium-file=\"https:\/\/i0.wp.com\/amicalelaiquelaferte.fr\/wp-content\/uploads\/2016\/03\/PatrickBoisdron-8133.jpg?fit=300%2C140&amp;ssl=1\" data-large-file=\"https:\/\/i0.wp.com\/amicalelaiquelaferte.fr\/wp-content\/uploads\/2016\/03\/PatrickBoisdron-8133.jpg?fit=800%2C373&amp;ssl=1\" class=\"alignnone size-medium wp-image-182\" src=\"https:\/\/i0.wp.com\/amicalelaiquelaferte.fr\/wp-content\/uploads\/2016\/03\/PatrickBoisdron-8133-300x140.jpg?resize=300%2C140\" alt=\"PatrickBoisdron-8133\" width=\"300\" height=\"140\" srcset=\"https:\/\/i0.wp.com\/amicalelaiquelaferte.fr\/wp-content\/uploads\/2016\/03\/PatrickBoisdron-8133.jpg?resize=300%2C140&amp;ssl=1 300w, https:\/\/i0.wp.com\/amicalelaiquelaferte.fr\/wp-content\/uploads\/2016\/03\/PatrickBoisdron-8133.jpg?resize=768%2C359&amp;ssl=1 768w, https:\/\/i0.wp.com\/amicalelaiquelaferte.fr\/wp-content\/uploads\/2016\/03\/PatrickBoisdron-8133.jpg?resize=1024%2C478&amp;ssl=1 1024w, https:\/\/i0.wp.com\/amicalelaiquelaferte.fr\/wp-content\/uploads\/2016\/03\/PatrickBoisdron-8133.jpg?w=1600&amp;ssl=1 1600w, https:\/\/i0.wp.com\/amicalelaiquelaferte.fr\/wp-content\/uploads\/2016\/03\/PatrickBoisdron-8133.jpg?w=2400&amp;ssl=1 2400w\" sizes=\"auto, (max-width: 300px) 100vw, 300px\" data-recalc-dims=\"1\" \/><\/a>En venant de la route d&rsquo;Ussy \/ Lizy<\/p>\n<p style=\"text-align: left;\"><img loading=\"lazy\" decoding=\"async\" data-attachment-id=\"232\" data-permalink=\"https:\/\/amicalelaiquelaferte.fr\/index.php\/ou-sont-nous\/photoclub_pb1136\/\" data-orig-file=\"https:\/\/i0.wp.com\/amicalelaiquelaferte.fr\/wp-content\/uploads\/2016\/05\/PhotoClub_PB1136.jpg?fit=480%2C304&amp;ssl=1\" data-orig-size=\"480,304\" data-comments-opened=\"0\" data-image-meta=\"{&quot;aperture&quot;:&quot;4.5&quot;,&quot;credit&quot;:&quot;&quot;,&quot;camera&quot;:&quot;Canon EOS 550D&quot;,&quot;caption&quot;:&quot;&quot;,&quot;created_timestamp&quot;:&quot;1463518764&quot;,&quot;copyright&quot;:&quot;&quot;,&quot;focal_length&quot;:&quot;21&quot;,&quot;iso&quot;:&quot;200&quot;,&quot;shutter_speed&quot;:&quot;0.00625&quot;,&quot;title&quot;:&quot;&quot;,&quot;orientation&quot;:&quot;1&quot;}\" data-image-title=\"PhotoClub_PB1136\" data-image-description=\"\" data-image-caption=\"\" data-medium-file=\"https:\/\/i0.wp.com\/amicalelaiquelaferte.fr\/wp-content\/uploads\/2016\/05\/PhotoClub_PB1136.jpg?fit=300%2C190&amp;ssl=1\" data-large-file=\"https:\/\/i0.wp.com\/amicalelaiquelaferte.fr\/wp-content\/uploads\/2016\/05\/PhotoClub_PB1136.jpg?fit=480%2C304&amp;ssl=1\" class=\"alignnone size-medium wp-image-232\" src=\"https:\/\/i0.wp.com\/amicalelaiquelaferte.fr\/wp-content\/uploads\/2016\/05\/PhotoClub_PB1136-300x190.jpg?resize=300%2C190\" alt=\"PhotoClub_PB1136\" width=\"300\" height=\"190\" srcset=\"https:\/\/i0.wp.com\/amicalelaiquelaferte.fr\/wp-content\/uploads\/2016\/05\/PhotoClub_PB1136.jpg?resize=300%2C190&amp;ssl=1 300w, https:\/\/i0.wp.com\/amicalelaiquelaferte.fr\/wp-content\/uploads\/2016\/05\/PhotoClub_PB1136.jpg?w=480&amp;ssl=1 480w\" sizes=\"auto, (max-width: 300px) 100vw, 300px\" data-recalc-dims=\"1\" \/>\u00a0\u00a0\u00a0 <img loading=\"lazy\" decoding=\"async\" data-attachment-id=\"233\" data-permalink=\"https:\/\/amicalelaiquelaferte.fr\/index.php\/ou-sont-nous\/photo_club_pb1143\/\" data-orig-file=\"https:\/\/i0.wp.com\/amicalelaiquelaferte.fr\/wp-content\/uploads\/2016\/05\/Photo_club_PB1143.jpg?fit=480%2C259&amp;ssl=1\" data-orig-size=\"480,259\" data-comments-opened=\"0\" data-image-meta=\"{&quot;aperture&quot;:&quot;4.5&quot;,&quot;credit&quot;:&quot;&quot;,&quot;camera&quot;:&quot;Canon EOS 550D&quot;,&quot;caption&quot;:&quot;&quot;,&quot;created_timestamp&quot;:&quot;1463518903&quot;,&quot;copyright&quot;:&quot;&quot;,&quot;focal_length&quot;:&quot;29&quot;,&quot;iso&quot;:&quot;200&quot;,&quot;shutter_speed&quot;:&quot;0.0125&quot;,&quot;title&quot;:&quot;&quot;,&quot;orientation&quot;:&quot;1&quot;}\" data-image-title=\"Photo_club_PB1143\" data-image-description=\"\" data-image-caption=\"\" data-medium-file=\"https:\/\/i0.wp.com\/amicalelaiquelaferte.fr\/wp-content\/uploads\/2016\/05\/Photo_club_PB1143.jpg?fit=300%2C162&amp;ssl=1\" data-large-file=\"https:\/\/i0.wp.com\/amicalelaiquelaferte.fr\/wp-content\/uploads\/2016\/05\/Photo_club_PB1143.jpg?fit=480%2C259&amp;ssl=1\" class=\"size-medium wp-image-233 alignright\" src=\"https:\/\/i0.wp.com\/amicalelaiquelaferte.fr\/wp-content\/uploads\/2016\/05\/Photo_club_PB1143-300x162.jpg?resize=300%2C162\" alt=\"Photo_club_PB1143\" width=\"300\" height=\"162\" srcset=\"https:\/\/i0.wp.com\/amicalelaiquelaferte.fr\/wp-content\/uploads\/2016\/05\/Photo_club_PB1143.jpg?resize=300%2C162&amp;ssl=1 300w, https:\/\/i0.wp.com\/amicalelaiquelaferte.fr\/wp-content\/uploads\/2016\/05\/Photo_club_PB1143.jpg?w=480&amp;ssl=1 480w\" sizes=\"auto, (max-width: 300px) 100vw, 300px\" data-recalc-dims=\"1\" \/><\/p>\n<p style=\"text-align: left;\">Salle Pierre Ridart<\/p>\n<p>&nbsp;<\/p>\n<p style=\"text-align: right;\">\u00a0 \u00a0 \u00a0 \u00a0 \u00a0 \u00a0 \u00a0 \u00a0 \u00a0 \u00a0 \u00a0 \u00a0 \u00a0 \u00a0 \u00a0 \u00a0 \u00a0 \u00a0 \u00a0 \u00a0 \u00a0 \u00a0 \u00a0 \u00a0 \u00a0 \u00a0 \u00a0\u00a0\u00a0\u00a0 Centre de Loisirs<\/p>\n","protected":false},"excerpt":{"rendered":"<p>Plan : cliquez sur l&rsquo;image ci dessous Rue Pierre Marx En\u00a0venant du centre ville \u00a0\u00a0\u00a0\u00a0\u00a0\u00a0\u00a0\u00a0\u00a0\u00a0\u00a0\u00a0\u00a0\u00a0\u00a0\u00a0\u00a0\u00a0\u00a0\u00a0\u00a0\u00a0\u00a0\u00a0\u00a0\u00a0\u00a0\u00a0\u00a0\u00a0\u00a0\u00a0\u00a0\u00a0\u00a0\u00a0\u00a0\u00a0\u00a0\u00a0\u00a0\u00a0\u00a0\u00a0\u00a0\u00a0\u00a0\u00a0\u00a0\u00a0\u00a0\u00a0\u00a0\u00a0\u00a0\u00a0\u00a0\u00a0\u00a0\u00a0\u00a0\u00a0\u00a0\u00a0\u00a0\u00a0En venant de la route d&rsquo;Ussy<\/p>\n","protected":false},"author":1,"featured_media":0,"parent":0,"menu_order":0,"comment_status":"closed","ping_status":"closed","template":"","meta":{"jetpack_post_was_ever_published":false,"footnotes":""},"class_list":["post-149","page","type-page","status-publish","hentry"],"jetpack_sharing_enabled":true,"jetpack_shortlink":"https:\/\/wp.me\/P7n7NQ-2p","jetpack-related-posts":[{"id":196,"url":"https:\/\/amicalelaiquelaferte.fr\/index.php\/histoire-de-lamicale\/","url_meta":{"origin":149,"position":0},"title":"Histoire de l&rsquo;Amicale La\u00efque","author":"Amicale","date":"30 mars 2016","format":false,"excerpt":"Monsieur Augustin DUBURCQ d\u00e9c\u00e8de le 5 ao\u00fbt 1930. Par testament, il l\u00e8gue \u00e0 la ville de La Fert\u00e9 sous Jouarre la plus grande partie de sa fortune , en particulier deux immeubles \u00e0 Paris dont les revenus seront s\u00e9par\u00e9s du budget communal et devront \u00eatre destin\u00e9s aux oeuvres post-scolaires des\u2026","rel":"","context":"Article similaire","block_context":{"text":"Article similaire","link":""},"img":{"alt_text":"","src":"https:\/\/i0.wp.com\/amicalelaiquelaferte.fr\/wp-content\/uploads\/2019\/05\/Les-Pr\u00c3\u00a9sidents-212x300.jpg?resize=350%2C200","width":350,"height":200},"classes":[]},{"id":452,"url":"https:\/\/amicalelaiquelaferte.fr\/index.php\/les-accueils-de-loisirs\/","url_meta":{"origin":149,"position":1},"title":"Les accueils de loisirs","author":"Amicale","date":"17 mai 2018","format":false,"excerpt":"L'ACCUEIL DE LOISIRS (ALSH) accueille vos enfants \u00e0 partir de 3 ans dans un parc bois\u00e9 et entour\u00e9 de murs tous les mercredis et pendant : les vacances d'hiver les vacances de printemps les vacances d'\u00e9t\u00e9 (juillet et ao\u00fbt) les vacances de toussaint Service de cantine Service de garderie \u00e0\u2026","rel":"","context":"Article similaire","block_context":{"text":"Article similaire","link":""},"img":{"alt_text":"","src":"https:\/\/i0.wp.com\/amicalelaiquelaferte.fr\/wp-content\/uploads\/2021\/02\/meli-melo-clsh.jpg?resize=350%2C200&ssl=1","width":350,"height":200},"classes":[]},{"id":28,"url":"https:\/\/amicalelaiquelaferte.fr\/index.php\/nous-contactez\/","url_meta":{"origin":149,"position":2},"title":"Contact","author":"Amicale","date":"18 mars 2016","format":false,"excerpt":"Inscriptions centre de loisirs Aupr\u00e8s de la directrice : Se munir du carnet de sant\u00e9 de l'enfant et des trois derniers bulletins de salaire de la famille. Renseignements 01 60 22 72 21\u00a0(ligne directe du centre de loisirs) email : accueil.loisirs@sfr.fr Secr\u00e9tariat de l'Amicale La\u00efque 01 60 22 21 03\u2026","rel":"","context":"Article similaire","block_context":{"text":"Article similaire","link":""},"img":{"alt_text":"","src":"https:\/\/i0.wp.com\/amicalelaiquelaferte.fr\/wp-content\/uploads\/2016\/03\/Logo-Amicale3-300x300.jpg?resize=350%2C200&ssl=1","width":350,"height":200},"classes":[]},{"id":633,"url":"https:\/\/amicalelaiquelaferte.fr\/index.php\/archives-en-photos\/","url_meta":{"origin":149,"position":3},"title":"Archives en photos","author":"Amicale","date":"14 mai 2019","format":false,"excerpt":"1789 - 1989 Bicentenaire de la R\u00e9volution \u00a0 \u00a0 \u00a0Cliquer sur le liens\u00a0 ci-dessous Participants 1789\u00a0 Photos du spectacle \u00a0 \u00a0 \u00a0 \u00a0 \u00a0 \u00a0 \u00a0 \u00a0 \u00a0 \u00a0 \u00a0 \u00a0 \u00a0 1933 - 2008 Soixante quinze ans de l'Amicale La\u00efque \u00a0 1933 - 2008 : 75 ans Amicale La\u00efque\u00a0\u00a0\u00a0\u00a0\u2026","rel":"","context":"Article similaire","block_context":{"text":"Article similaire","link":""},"img":{"alt_text":"","src":"https:\/\/i0.wp.com\/amicalelaiquelaferte.fr\/wp-content\/uploads\/2020\/12\/Expos-de-1999-a-2007-en-corrige.jpg?resize=350%2C200&ssl=1","width":350,"height":200},"classes":[]},{"id":66,"url":"https:\/\/amicalelaiquelaferte.fr\/index.php\/histoire\/","url_meta":{"origin":149,"position":4},"title":"Augustin DUBURCQ","author":"Amicale","date":"18 mars 2016","format":false,"excerpt":"AUGUSTIN DUBURCQ\u00a0\u00a0 Qui \u00e9tait Augustin Duburcq ? Augustin Duburcq est n\u00e9 le 7 mars 1851 \u00e0 La Fert\u00e9 sous Jouarre o\u00f9 sa famille (implant\u00e9e en Seine et Marne sans doute avant 1655 \u00e0 Meilleray, puis \u00e0 Sept Sorts) vivait d\u00e9j\u00e0 en 1753. A l'\u00e9poque de sa naissance, ses grands-parents maternels\u2026","rel":"","context":"Article similaire","block_context":{"text":"Article similaire","link":""},"img":{"alt_text":"","src":"","width":0,"height":0},"classes":[]},{"id":43,"url":"https:\/\/amicalelaiquelaferte.fr\/index.php\/les-clubs\/","url_meta":{"origin":149,"position":5},"title":"Les clubs","author":"Amicale","date":"18 mars 2016","format":false,"excerpt":"L'amicale La\u00efque propose diff\u00e9rentes activit\u00e9s : Club Mod\u00e9lisme : \"Model Club Fertois Jacques Guerbette\" A partir de 14 ans Responsable Ren\u00e9 Crapart Mardi 18h00 \u00e0 20h00, samedi 15h00 \u00e0 19h00 Contact : 06.04.44.12.66 (cr\u00e9ation 1966) Histoire du club MODELISME - cliquer sur ce lien Club Poterie\u00a0 Responsables Martine Gorbaty Mardi\u2026","rel":"","context":"Article similaire","block_context":{"text":"Article similaire","link":""},"img":{"alt_text":"","src":"","width":0,"height":0},"classes":[]}],"_links":{"self":[{"href":"https:\/\/amicalelaiquelaferte.fr\/index.php\/wp-json\/wp\/v2\/pages\/149","targetHints":{"allow":["GET"]}}],"collection":[{"href":"https:\/\/amicalelaiquelaferte.fr\/index.php\/wp-json\/wp\/v2\/pages"}],"about":[{"href":"https:\/\/amicalelaiquelaferte.fr\/index.php\/wp-json\/wp\/v2\/types\/page"}],"author":[{"embeddable":true,"href":"https:\/\/amicalelaiquelaferte.fr\/index.php\/wp-json\/wp\/v2\/users\/1"}],"replies":[{"embeddable":true,"href":"https:\/\/amicalelaiquelaferte.fr\/index.php\/wp-json\/wp\/v2\/comments?post=149"}],"version-history":[{"count":26,"href":"https:\/\/amicalelaiquelaferte.fr\/index.php\/wp-json\/wp\/v2\/pages\/149\/revisions"}],"predecessor-version":[{"id":430,"href":"https:\/\/amicalelaiquelaferte.fr\/index.php\/wp-json\/wp\/v2\/pages\/149\/revisions\/430"}],"wp:attachment":[{"href":"https:\/\/amicalelaiquelaferte.fr\/index.php\/wp-json\/wp\/v2\/media?parent=149"}],"curies":[{"name":"wp","href":"https:\/\/api.w.org\/{rel}","templated":true}]}}