{"id":196,"date":"2016-03-30T19:23:55","date_gmt":"2016-03-30T18:23:55","guid":{"rendered":"http:\/\/amicalelaiquelaferte.fr\/?page_id=196"},"modified":"2020-07-10T11:19:51","modified_gmt":"2020-07-10T10:19:51","slug":"histoire-de-lamicale","status":"publish","type":"page","link":"https:\/\/amicalelaiquelaferte.fr\/index.php\/histoire-de-lamicale\/","title":{"rendered":"Histoire de l&rsquo;Amicale La\u00efque"},"content":{"rendered":"<p>Monsieur Augustin DUBURCQ d\u00e9c\u00e8de le 5 ao\u00fbt 1930.<\/p>\n<p>Par testament, il l\u00e8gue \u00e0 la ville de La Fert\u00e9 sous Jouarre la plus grande partie de sa fortune , en particulier deux immeubles \u00e0 Paris dont les revenus seront s\u00e9par\u00e9s du budget communal et devront \u00eatre destin\u00e9s aux oeuvres post-scolaires des \u00e9coles communales la\u00efques de La Fert\u00e9 existantes ou \u00e0 cr\u00e9er, ainsi qu\u2019\u00e0 des oeuvres sociales.<\/p>\n<p>Le 15 septembre 1930 est cr\u00e9\u00e9 le PATRONAGE LA\u00cfQUE AUGUSTIN DUBURCQ.<\/p>\n<p>Le 7 juillet 1933 est cr\u00e9\u00e9e l\u2019ASSOCIATON DES ANCIENS ELEVES ET DES AMIS DE L\u2019ECOLE LA\u00cfQUE pour g\u00e9rer ce patronage.<\/p>\n<p>Au cours des ann\u00e9es, l\u2019Amicale La\u00efque s\u2019est d\u00e9velopp\u00e9e autour des activit\u00e9s enfants dans son centre de loisirs, dans les aides apport\u00e9es aux \u00e9coles publiques fertoises &#8211; qui sont ses buts prioritaires &#8211; dans les diverses manifestations culturelles et r\u00e9cr\u00e9atives conform\u00e9ment \u00e0 ses statuts et surtout conform\u00e9ment au testament de Monsieur Augustin DUBURCQ.<\/p>\n<p>L&rsquo;achat de la propri\u00e9t\u00e9 Deligne (maison de propri\u00e9taire meulier), au 59 rue Pierre Marx, en 1935 par la municipalit\u00e9 de l&rsquo;\u00e9poque, a donc permis \u00e0 l&rsquo;Amicale La\u00efque de se d\u00e9velopper, et notamment de r\u00e9aliser des constructions dans le parc : salle de spectacle, centre de loisirs.<\/p>\n<h5><a href=\"http:\/\/amicalelaiquelaferte.fr\/wp-content\/uploads\/2018\/12\/Les-constructions-dans-le-parc.pdf\">Les constructions dans le parc<\/a><\/h5>\n<p><em>cliquer sur le lien pour voir les r\u00e9alisations.<\/em><\/p>\n<h5><a href=\"http:\/\/amicalelaiquelaferte.fr\/wp-content\/uploads\/2018\/12\/Grandes-dates-de-lAmicale.pdf\">Grandes dates de l&rsquo;Amicale\u00a0<\/a><\/h5>\n<p><em>Cliquer sur le lien<\/em><\/p>\n<p><img loading=\"lazy\" decoding=\"async\" data-attachment-id=\"971\" data-permalink=\"https:\/\/amicalelaiquelaferte.fr\/index.php\/histoire-de-lamicale\/les-presidents\/\" data-orig-file=\"https:\/\/i0.wp.com\/amicalelaiquelaferte.fr\/wp-content\/uploads\/2019\/05\/Les-Pr\u00e9sidents.jpg?fit=1240%2C1754&amp;ssl=1\" data-orig-size=\"1240,1754\" data-comments-opened=\"0\" data-image-meta=\"{&quot;aperture&quot;:&quot;0&quot;,&quot;credit&quot;:&quot;&quot;,&quot;camera&quot;:&quot;&quot;,&quot;caption&quot;:&quot;&quot;,&quot;created_timestamp&quot;:&quot;0&quot;,&quot;copyright&quot;:&quot;&quot;,&quot;focal_length&quot;:&quot;0&quot;,&quot;iso&quot;:&quot;0&quot;,&quot;shutter_speed&quot;:&quot;0&quot;,&quot;title&quot;:&quot;&quot;,&quot;orientation&quot;:&quot;0&quot;}\" data-image-title=\"Les Pr\u00e9sidents\" data-image-description=\"\" data-image-caption=\"\" data-medium-file=\"https:\/\/i0.wp.com\/amicalelaiquelaferte.fr\/wp-content\/uploads\/2019\/05\/Les-Pr\u00e9sidents.jpg?fit=212%2C300&amp;ssl=1\" data-large-file=\"https:\/\/i0.wp.com\/amicalelaiquelaferte.fr\/wp-content\/uploads\/2019\/05\/Les-Pr\u00e9sidents.jpg?fit=724%2C1024&amp;ssl=1\" class=\"wp-image-971 aligncenter\" src=\"https:\/\/i0.wp.com\/amicalelaiquelaferte.fr\/wp-content\/uploads\/2019\/05\/Les-Pr\u00e9sidents-212x300.jpg?resize=385%2C545\" alt=\"\" width=\"385\" height=\"545\" srcset=\"https:\/\/i0.wp.com\/amicalelaiquelaferte.fr\/wp-content\/uploads\/2019\/05\/Les-Pr\u00e9sidents.jpg?resize=212%2C300&amp;ssl=1 212w, https:\/\/i0.wp.com\/amicalelaiquelaferte.fr\/wp-content\/uploads\/2019\/05\/Les-Pr\u00e9sidents.jpg?resize=768%2C1086&amp;ssl=1 768w, https:\/\/i0.wp.com\/amicalelaiquelaferte.fr\/wp-content\/uploads\/2019\/05\/Les-Pr\u00e9sidents.jpg?resize=724%2C1024&amp;ssl=1 724w, https:\/\/i0.wp.com\/amicalelaiquelaferte.fr\/wp-content\/uploads\/2019\/05\/Les-Pr\u00e9sidents.jpg?w=1240&amp;ssl=1 1240w\" sizes=\"auto, (max-width: 385px) 100vw, 385px\" data-recalc-dims=\"1\" \/><\/p>\n","protected":false},"excerpt":{"rendered":"<p>Monsieur Augustin DUBURCQ d\u00e9c\u00e8de le 5 ao\u00fbt 1930. Par testament, il l\u00e8gue \u00e0 la ville de La Fert\u00e9 sous Jouarre<\/p>\n","protected":false},"author":1,"featured_media":0,"parent":0,"menu_order":0,"comment_status":"closed","ping_status":"closed","template":"","meta":{"jetpack_post_was_ever_published":false,"footnotes":""},"class_list":["post-196","page","type-page","status-publish","hentry"],"jetpack_sharing_enabled":true,"jetpack_shortlink":"https:\/\/wp.me\/P7n7NQ-3a","jetpack-related-posts":[{"id":452,"url":"https:\/\/amicalelaiquelaferte.fr\/index.php\/les-accueils-de-loisirs\/","url_meta":{"origin":196,"position":0},"title":"Les accueils de loisirs","author":"Amicale","date":"17 mai 2018","format":false,"excerpt":"L'ACCUEIL DE LOISIRS (ALSH) accueille vos enfants \u00e0 partir de 3 ans dans un parc bois\u00e9 et entour\u00e9 de murs tous les mercredis et pendant : les vacances d'hiver les vacances de printemps les vacances d'\u00e9t\u00e9 (juillet et ao\u00fbt) les vacances de toussaint Service de cantine Service de garderie \u00e0\u2026","rel":"","context":"Article similaire","block_context":{"text":"Article similaire","link":""},"img":{"alt_text":"","src":"https:\/\/i0.wp.com\/amicalelaiquelaferte.fr\/wp-content\/uploads\/2021\/02\/meli-melo-clsh.jpg?resize=350%2C200&ssl=1","width":350,"height":200},"classes":[]},{"id":66,"url":"https:\/\/amicalelaiquelaferte.fr\/index.php\/histoire\/","url_meta":{"origin":196,"position":1},"title":"Augustin DUBURCQ","author":"Amicale","date":"18 mars 2016","format":false,"excerpt":"AUGUSTIN DUBURCQ\u00a0\u00a0 Qui \u00e9tait Augustin Duburcq ? Augustin Duburcq est n\u00e9 le 7 mars 1851 \u00e0 La Fert\u00e9 sous Jouarre o\u00f9 sa famille (implant\u00e9e en Seine et Marne sans doute avant 1655 \u00e0 Meilleray, puis \u00e0 Sept Sorts) vivait d\u00e9j\u00e0 en 1753. A l'\u00e9poque de sa naissance, ses grands-parents maternels\u2026","rel":"","context":"Article similaire","block_context":{"text":"Article similaire","link":""},"img":{"alt_text":"","src":"","width":0,"height":0},"classes":[]},{"id":75,"url":"https:\/\/amicalelaiquelaferte.fr\/index.php\/conseil-dadministration\/","url_meta":{"origin":196,"position":2},"title":"l&rsquo;Association","author":"Amicale","date":"18 mars 2016","format":false,"excerpt":"Les membres du bureau : Pr\u00e9sident : Serge LIVOTI Vice-pr\u00e9sident : Christian GUIHARD Secr\u00e9taire : Benoit NO\u00cbL Secr\u00e9taire-adjointe : Nathalie De VALS Tr\u00e9sorier : Laurent TRIBOUILLARD Tr\u00e9sorier-adjoint : Daniel DUPUIS Membres \u00e9lus du Conseil d'Administration : Charly BIBEYRON,\u00a0 Ren\u00e9 CRAPART, Nathalie DE VALS, Guillaume DIDIER, Daniel DUPUIS, Christian GUIHARD, Delphine\u2026","rel":"","context":"Article similaire","block_context":{"text":"Article similaire","link":""},"img":{"alt_text":"","src":"","width":0,"height":0},"classes":[]},{"id":633,"url":"https:\/\/amicalelaiquelaferte.fr\/index.php\/archives-en-photos\/","url_meta":{"origin":196,"position":3},"title":"Archives en photos","author":"Amicale","date":"14 mai 2019","format":false,"excerpt":"1789 - 1989 Bicentenaire de la R\u00e9volution \u00a0 \u00a0 \u00a0Cliquer sur le liens\u00a0 ci-dessous Participants 1789\u00a0 Photos du spectacle \u00a0 \u00a0 \u00a0 \u00a0 \u00a0 \u00a0 \u00a0 \u00a0 \u00a0 \u00a0 \u00a0 \u00a0 \u00a0 1933 - 2008 Soixante quinze ans de l'Amicale La\u00efque \u00a0 1933 - 2008 : 75 ans Amicale La\u00efque\u00a0\u00a0\u00a0\u00a0\u2026","rel":"","context":"Article similaire","block_context":{"text":"Article similaire","link":""},"img":{"alt_text":"","src":"https:\/\/i0.wp.com\/amicalelaiquelaferte.fr\/wp-content\/uploads\/2020\/12\/Expos-de-1999-a-2007-en-corrige.jpg?resize=350%2C200&ssl=1","width":350,"height":200},"classes":[]},{"id":28,"url":"https:\/\/amicalelaiquelaferte.fr\/index.php\/nous-contactez\/","url_meta":{"origin":196,"position":4},"title":"Contact","author":"Amicale","date":"18 mars 2016","format":false,"excerpt":"Inscriptions centre de loisirs Aupr\u00e8s de la directrice : Se munir du carnet de sant\u00e9 de l'enfant et des trois derniers bulletins de salaire de la famille. Renseignements 01 60 22 72 21\u00a0(ligne directe du centre de loisirs) email : accueil.loisirs@sfr.fr Secr\u00e9tariat de l'Amicale La\u00efque 01 60 22 21 03\u2026","rel":"","context":"Article similaire","block_context":{"text":"Article similaire","link":""},"img":{"alt_text":"","src":"https:\/\/i0.wp.com\/amicalelaiquelaferte.fr\/wp-content\/uploads\/2016\/03\/Logo-Amicale3-300x300.jpg?resize=350%2C200&ssl=1","width":350,"height":200},"classes":[]},{"id":51,"url":"https:\/\/amicalelaiquelaferte.fr\/index.php\/activites\/","url_meta":{"origin":196,"position":5},"title":"Activit\u00e9s","author":"Amicale","date":"18 mars 2016","format":false,"excerpt":"Gr\u00e2ce au Legs DUBURCQ, L'Amicale La\u00efque propose tout au long de l'ann\u00e9e diff\u00e9rentes activit\u00e9s pour tous les \u00e2ges. \u00a0 La Mascarade : (cr\u00e9\u00e9e en 1964) Bal des enfants d\u00e9guis\u00e9s avec spectacle - Go\u00fbter - D\u00e9fil\u00e9 - Bataille de confettis. Les Exp\u00e9riences scientifiques : Utilisation, explications et compr\u00e9hension, pour les enfants\u2026","rel":"","context":"Article similaire","block_context":{"text":"Article similaire","link":""},"img":{"alt_text":"","src":"","width":0,"height":0},"classes":[]}],"_links":{"self":[{"href":"https:\/\/amicalelaiquelaferte.fr\/index.php\/wp-json\/wp\/v2\/pages\/196","targetHints":{"allow":["GET"]}}],"collection":[{"href":"https:\/\/amicalelaiquelaferte.fr\/index.php\/wp-json\/wp\/v2\/pages"}],"about":[{"href":"https:\/\/amicalelaiquelaferte.fr\/index.php\/wp-json\/wp\/v2\/types\/page"}],"author":[{"embeddable":true,"href":"https:\/\/amicalelaiquelaferte.fr\/index.php\/wp-json\/wp\/v2\/users\/1"}],"replies":[{"embeddable":true,"href":"https:\/\/amicalelaiquelaferte.fr\/index.php\/wp-json\/wp\/v2\/comments?post=196"}],"version-history":[{"count":7,"href":"https:\/\/amicalelaiquelaferte.fr\/index.php\/wp-json\/wp\/v2\/pages\/196\/revisions"}],"predecessor-version":[{"id":1568,"href":"https:\/\/amicalelaiquelaferte.fr\/index.php\/wp-json\/wp\/v2\/pages\/196\/revisions\/1568"}],"wp:attachment":[{"href":"https:\/\/amicalelaiquelaferte.fr\/index.php\/wp-json\/wp\/v2\/media?parent=196"}],"curies":[{"name":"wp","href":"https:\/\/api.w.org\/{rel}","templated":true}]}}