{"id":43,"date":"2016-03-18T18:15:32","date_gmt":"2016-03-18T17:15:32","guid":{"rendered":"http:\/\/amicalelaiquelaferte.fr\/?page_id=43"},"modified":"2023-02-26T11:40:30","modified_gmt":"2023-02-26T10:40:30","slug":"les-clubs","status":"publish","type":"page","link":"https:\/\/amicalelaiquelaferte.fr\/index.php\/les-clubs\/","title":{"rendered":"Les clubs"},"content":{"rendered":"<h5><span style=\"color: #008000;\"><strong>L&rsquo;amicale La\u00efque propose diff\u00e9rentes activit\u00e9s :<\/strong><\/span><\/h5>\n<h4><\/h4>\n<h4><span style=\"text-decoration: underline;\"><strong><em>Club Mod\u00e9lisme : \u00ab\u00a0Model Club Fertois Jacques Guerbette\u00a0\u00bb<\/em><\/strong><\/span><\/h4>\n<p>A partir de 14 ans<img loading=\"lazy\" decoding=\"async\" data-attachment-id=\"716\" data-permalink=\"https:\/\/amicalelaiquelaferte.fr\/index.php\/les-clubs\/logo-modelisme\/\" data-orig-file=\"https:\/\/i0.wp.com\/amicalelaiquelaferte.fr\/wp-content\/uploads\/2018\/12\/logo-mod\u00e9lisme.png?fit=1157%2C1047&amp;ssl=1\" data-orig-size=\"1157,1047\" data-comments-opened=\"0\" data-image-meta=\"{&quot;aperture&quot;:&quot;0&quot;,&quot;credit&quot;:&quot;&quot;,&quot;camera&quot;:&quot;&quot;,&quot;caption&quot;:&quot;&quot;,&quot;created_timestamp&quot;:&quot;0&quot;,&quot;copyright&quot;:&quot;&quot;,&quot;focal_length&quot;:&quot;0&quot;,&quot;iso&quot;:&quot;0&quot;,&quot;shutter_speed&quot;:&quot;0&quot;,&quot;title&quot;:&quot;&quot;,&quot;orientation&quot;:&quot;0&quot;}\" data-image-title=\"logo mod\u00e9lisme\" data-image-description=\"\" data-image-caption=\"\" data-medium-file=\"https:\/\/i0.wp.com\/amicalelaiquelaferte.fr\/wp-content\/uploads\/2018\/12\/logo-mod\u00e9lisme.png?fit=300%2C271&amp;ssl=1\" data-large-file=\"https:\/\/i0.wp.com\/amicalelaiquelaferte.fr\/wp-content\/uploads\/2018\/12\/logo-mod\u00e9lisme.png?fit=800%2C724&amp;ssl=1\" class=\"alignright wp-image-716\" src=\"https:\/\/i0.wp.com\/amicalelaiquelaferte.fr\/wp-content\/uploads\/2018\/12\/logo-mod\u00e9lisme-300x271.png?resize=186%2C168\" alt=\"\" width=\"186\" height=\"168\" srcset=\"https:\/\/i0.wp.com\/amicalelaiquelaferte.fr\/wp-content\/uploads\/2018\/12\/logo-mod\u00e9lisme.png?resize=300%2C271&amp;ssl=1 300w, https:\/\/i0.wp.com\/amicalelaiquelaferte.fr\/wp-content\/uploads\/2018\/12\/logo-mod\u00e9lisme.png?resize=768%2C695&amp;ssl=1 768w, https:\/\/i0.wp.com\/amicalelaiquelaferte.fr\/wp-content\/uploads\/2018\/12\/logo-mod\u00e9lisme.png?resize=1024%2C927&amp;ssl=1 1024w, https:\/\/i0.wp.com\/amicalelaiquelaferte.fr\/wp-content\/uploads\/2018\/12\/logo-mod\u00e9lisme.png?w=1157&amp;ssl=1 1157w\" sizes=\"auto, (max-width: 186px) 100vw, 186px\" data-recalc-dims=\"1\" \/><\/p>\n<p>Responsable Ren\u00e9 Crapart<\/p>\n<p>Mardi 18h00 \u00e0 20h00, samedi 15h00 \u00e0 19h00<\/p>\n<p>Contact : 06.04.44.12.66<\/p>\n<p><em>(cr\u00e9ation 1966)<\/em><\/p>\n<p><a href=\"https:\/\/amicalelaiquelaferte.fr\/wp-content\/uploads\/2020\/07\/MODELISME.pdf\">Histoire du club MODELISME &#8211; <span style=\"color: #000000;\">cliquer sur ce lien<\/span><\/a><\/p>\n<h4><\/h4>\n<h4><span style=\"text-decoration: underline;\"><em><strong>Club Poterie\u00a0<\/strong><\/em><\/span><\/h4>\n<p>Responsables Martine Gorbaty<\/p>\n<p>Mardi<\/p>\n<p>Contact : 07 82 10 88 87<\/p>\n<p><em>(cr\u00e9ation 1981)<\/em><\/p>\n<h4><\/h4>\n<h4><em><strong><span style=\"text-decoration: underline;\">Club Photo<\/span>\u00a0\u00a0\u00a0<img loading=\"lazy\" decoding=\"async\" data-attachment-id=\"715\" data-permalink=\"https:\/\/amicalelaiquelaferte.fr\/index.php\/les-clubs\/logo-photo-club\/\" data-orig-file=\"https:\/\/i0.wp.com\/amicalelaiquelaferte.fr\/wp-content\/uploads\/2018\/12\/logo-photo-club.png?fit=591%2C673&amp;ssl=1\" data-orig-size=\"591,673\" data-comments-opened=\"0\" data-image-meta=\"{&quot;aperture&quot;:&quot;0&quot;,&quot;credit&quot;:&quot;&quot;,&quot;camera&quot;:&quot;&quot;,&quot;caption&quot;:&quot;&quot;,&quot;created_timestamp&quot;:&quot;0&quot;,&quot;copyright&quot;:&quot;&quot;,&quot;focal_length&quot;:&quot;0&quot;,&quot;iso&quot;:&quot;0&quot;,&quot;shutter_speed&quot;:&quot;0&quot;,&quot;title&quot;:&quot;&quot;,&quot;orientation&quot;:&quot;0&quot;}\" data-image-title=\"logo photo club\" data-image-description=\"\" data-image-caption=\"\" data-medium-file=\"https:\/\/i0.wp.com\/amicalelaiquelaferte.fr\/wp-content\/uploads\/2018\/12\/logo-photo-club.png?fit=263%2C300&amp;ssl=1\" data-large-file=\"https:\/\/i0.wp.com\/amicalelaiquelaferte.fr\/wp-content\/uploads\/2018\/12\/logo-photo-club.png?fit=591%2C673&amp;ssl=1\" class=\"wp-image-715 alignright\" src=\"https:\/\/i0.wp.com\/amicalelaiquelaferte.fr\/wp-content\/uploads\/2018\/12\/logo-photo-club-263x300.png?resize=155%2C177\" alt=\"\" width=\"155\" height=\"177\" srcset=\"https:\/\/i0.wp.com\/amicalelaiquelaferte.fr\/wp-content\/uploads\/2018\/12\/logo-photo-club.png?resize=263%2C300&amp;ssl=1 263w, https:\/\/i0.wp.com\/amicalelaiquelaferte.fr\/wp-content\/uploads\/2018\/12\/logo-photo-club.png?w=591&amp;ssl=1 591w\" sizes=\"auto, (max-width: 155px) 100vw, 155px\" data-recalc-dims=\"1\" \/><\/strong><\/em><\/h4>\n<p>Responsable Daniel Dupuis<\/p>\n<p>Mardi 20h30 &#8211;\u00a022h30 et un samedi par mois<\/p>\n<p>Contact : 06 74 69 88 93<\/p>\n<p>Site internet :\u00a0<a href=\"http:\/\/www.clubphotoferte.fr\" target=\"_blank\" rel=\"noopener noreferrer\">http:\/\/www.clubphotoferte.fr<\/a><\/p>\n<p><em>(cr\u00e9ation 1966)<\/em><\/p>\n<h6><a href=\"http:\/\/amicalelaiquelaferte.fr\/wp-content\/uploads\/2018\/12\/flip.pdf\">Flip<\/a>\u00a0(cr\u00e9ateur du logo du Photo Club &#8211; cliquer sur le nom)<\/h6>\n<h4><\/h4>\n<h4><strong><em><span style=\"text-decoration: underline;\">Club Chorale<\/span>\u00a0<\/em><\/strong><\/h4>\n<p>Chefs de Ch\u0153ur : \u00a0Laurent Tribouillard et Didier Hammel<\/p>\n<p>Lundi de 16h30 \u00e0 18h00<\/p>\n<p>Contact : Laurent\u00a0 06.07.51.21.57 \u00a0ou Didier\u00a006.85.52.82.54<\/p>\n<p><em>(cr\u00e9ation en 1969 d&rsquo;une chorale d&rsquo;enfants &#8211; Actuellement, la chorale se compose d&rsquo;adultes)<\/em><\/p>\n<h4><\/h4>\n<h4><span style=\"text-decoration: underline;\"><em><strong>Club Vid\u00e9o<\/strong><\/em><\/span><\/h4>\n<p>Responsable\u00a0Guillaume Didier<\/p>\n<p>Site internet :<a href=\"http:\/\/guillaumedidier.wix.com\/web\" target=\"_blank\" rel=\"noopener noreferrer\">\u00a0<\/a><a href=\"http:\/\/guillaumedidier.wix.com\/website\" target=\"_blank\" rel=\"noopener noreferrer\">http:\/\/guillaumedidier.wix.com\/website<\/a><\/p>\n<p>Contact : 06.60.03.90.67<\/p>\n<p><em>(cr\u00e9ation 1988 &#8211; auparavant, depuis 1980 Cam\u00e9ra Club)<\/em><\/p>\n<p><a href=\"https:\/\/amicalelaiquelaferte.fr\/wp-content\/uploads\/2020\/07\/HISTOIRE-DU-CAMERA-CLUB.pdf\">HISTOIRE DU CAMERA CLUB<\/a> &#8211; cliquer sur le lien<\/p>\n<h4><\/h4>\n<h4><span style=\"text-decoration: underline;\"><strong><em>Club Musique\u00a0<\/em><\/strong><\/span><\/h4>\n<p>Responsable\u00a0Charly Bibeyron<\/p>\n<p>Contact : \u00a007.55.67.74.10<\/p>\n<p><em>(cr\u00e9ation 2006)<\/em><\/p>\n<p style=\"text-align: center;\">\u00a4\u00a4\u00a4\u00a4<\/p>\n<h5><span style=\"color: #008000;\"><strong><em>Nombre de clubs ou activit\u00e9s ont vu le jour tout au long de l&rsquo;existence de l&rsquo;Amicale La\u00efque, se sont arr\u00eat\u00e9s,\u00a0 puis\u00a0 ont disparu au fil du temps.<\/em><\/strong><\/span><\/h5>\n<ul>\n<li><em>Cours de solf\u00e8ge 1945\/1955, dessin, st\u00e9no-dactylo, anglais, gymnastique 1945<\/em><\/li>\n<li><em>Cours d&rsquo;enseignement m\u00e9nager 1949<\/em><\/li>\n<li><em>Cours d&rsquo;enseignement agricole 1955<\/em><\/li>\n<li><em>Aide aux d\u00e9parts en Colonies de vacances 1949\/2012<\/em><\/li>\n<li><em>Foyer des jeunes (groupe th\u00e9\u00e2tral 1963\/1987, orchestre 1963\/1969)\u00a0<\/em><\/li>\n<li><em>Cin\u00e9 Club 1964\/1991 (voir page \u00ab\u00a0Archives en photos\u00a0\u00bb)<\/em><\/li>\n<li><em>Rallyes automobiles \u00e0 la d\u00e9couverte de la r\u00e9gion 1973\/2006 (voir page \u00ab\u00a0Archives en photos\u00a0\u00bb)<\/em><\/li>\n<li><em>Soir\u00e9es M\u00e9choui, choucroute 1973\/ 2006<\/em><\/li>\n<li><em>Groupe Th\u00e9\u00e2tre 1994\/1996<\/em><\/li>\n<li><em>Club Informatique 1989\/2003<\/em><\/li>\n<li><em>Club Graphe 2006\/2009<\/em><\/li>\n<li><em>Voyages organis\u00e9s pour adultes en France et \u00e0 l&rsquo;\u00e9tranger &#8211; Sorties th\u00e9\u00e2trales 1950\/1980<\/em><\/li>\n<li><em>Club de Scrabble\u00a0 (2012\/2022) &#8211; Club de Trivial Pursuit (1989\/1989)<\/em><\/li>\n<\/ul>\n","protected":false},"excerpt":{"rendered":"<p>L&rsquo;amicale La\u00efque propose diff\u00e9rentes activit\u00e9s : Club Mod\u00e9lisme : \u00ab\u00a0Model Club Fertois Jacques Guerbette\u00a0\u00bb A partir de 14 ans Responsable<\/p>\n","protected":false},"author":1,"featured_media":0,"parent":0,"menu_order":0,"comment_status":"closed","ping_status":"closed","template":"","meta":{"jetpack_post_was_ever_published":false,"footnotes":""},"class_list":["post-43","page","type-page","status-publish","hentry"],"jetpack_sharing_enabled":true,"jetpack_shortlink":"https:\/\/wp.me\/P7n7NQ-H","jetpack-related-posts":[{"id":28,"url":"https:\/\/amicalelaiquelaferte.fr\/index.php\/nous-contactez\/","url_meta":{"origin":43,"position":0},"title":"Contact","author":"Amicale","date":"18 mars 2016","format":false,"excerpt":"Inscriptions centre de loisirs Aupr\u00e8s de la directrice : Se munir du carnet de sant\u00e9 de l'enfant et des trois derniers bulletins de salaire de la famille. Renseignements 01 60 22 72 21\u00a0(ligne directe du centre de loisirs) email : accueil.loisirs@sfr.fr Secr\u00e9tariat de l'Amicale La\u00efque 01 60 22 21 03\u2026","rel":"","context":"Article similaire","block_context":{"text":"Article similaire","link":""},"img":{"alt_text":"","src":"https:\/\/i0.wp.com\/amicalelaiquelaferte.fr\/wp-content\/uploads\/2016\/03\/Logo-Amicale3-300x300.jpg?resize=350%2C200&ssl=1","width":350,"height":200},"classes":[]},{"id":51,"url":"https:\/\/amicalelaiquelaferte.fr\/index.php\/activites\/","url_meta":{"origin":43,"position":1},"title":"Activit\u00e9s","author":"Amicale","date":"18 mars 2016","format":false,"excerpt":"Gr\u00e2ce au Legs DUBURCQ, L'Amicale La\u00efque propose tout au long de l'ann\u00e9e diff\u00e9rentes activit\u00e9s pour tous les \u00e2ges. \u00a0 La Mascarade : (cr\u00e9\u00e9e en 1964) Bal des enfants d\u00e9guis\u00e9s avec spectacle - Go\u00fbter - D\u00e9fil\u00e9 - Bataille de confettis. Les Exp\u00e9riences scientifiques : Utilisation, explications et compr\u00e9hension, pour les enfants\u2026","rel":"","context":"Article similaire","block_context":{"text":"Article similaire","link":""},"img":{"alt_text":"","src":"","width":0,"height":0},"classes":[]},{"id":633,"url":"https:\/\/amicalelaiquelaferte.fr\/index.php\/archives-en-photos\/","url_meta":{"origin":43,"position":2},"title":"Archives en photos","author":"Amicale","date":"14 mai 2019","format":false,"excerpt":"1789 - 1989 Bicentenaire de la R\u00e9volution \u00a0 \u00a0 \u00a0Cliquer sur le liens\u00a0 ci-dessous Participants 1789\u00a0 Photos du spectacle \u00a0 \u00a0 \u00a0 \u00a0 \u00a0 \u00a0 \u00a0 \u00a0 \u00a0 \u00a0 \u00a0 \u00a0 \u00a0 1933 - 2008 Soixante quinze ans de l'Amicale La\u00efque \u00a0 1933 - 2008 : 75 ans Amicale La\u00efque\u00a0\u00a0\u00a0\u00a0\u2026","rel":"","context":"Article similaire","block_context":{"text":"Article similaire","link":""},"img":{"alt_text":"","src":"https:\/\/i0.wp.com\/amicalelaiquelaferte.fr\/wp-content\/uploads\/2020\/12\/Expos-de-1999-a-2007-en-corrige.jpg?resize=350%2C200&ssl=1","width":350,"height":200},"classes":[]},{"id":452,"url":"https:\/\/amicalelaiquelaferte.fr\/index.php\/les-accueils-de-loisirs\/","url_meta":{"origin":43,"position":3},"title":"Les accueils de loisirs","author":"Amicale","date":"17 mai 2018","format":false,"excerpt":"L'ACCUEIL DE LOISIRS (ALSH) accueille vos enfants \u00e0 partir de 3 ans dans un parc bois\u00e9 et entour\u00e9 de murs tous les mercredis et pendant : les vacances d'hiver les vacances de printemps les vacances d'\u00e9t\u00e9 (juillet et ao\u00fbt) les vacances de toussaint Service de cantine Service de garderie \u00e0\u2026","rel":"","context":"Article similaire","block_context":{"text":"Article similaire","link":""},"img":{"alt_text":"","src":"https:\/\/i0.wp.com\/amicalelaiquelaferte.fr\/wp-content\/uploads\/2021\/02\/meli-melo-clsh.jpg?resize=350%2C200&ssl=1","width":350,"height":200},"classes":[]},{"id":66,"url":"https:\/\/amicalelaiquelaferte.fr\/index.php\/histoire\/","url_meta":{"origin":43,"position":4},"title":"Augustin DUBURCQ","author":"Amicale","date":"18 mars 2016","format":false,"excerpt":"AUGUSTIN DUBURCQ\u00a0\u00a0 Qui \u00e9tait Augustin Duburcq ? Augustin Duburcq est n\u00e9 le 7 mars 1851 \u00e0 La Fert\u00e9 sous Jouarre o\u00f9 sa famille (implant\u00e9e en Seine et Marne sans doute avant 1655 \u00e0 Meilleray, puis \u00e0 Sept Sorts) vivait d\u00e9j\u00e0 en 1753. A l'\u00e9poque de sa naissance, ses grands-parents maternels\u2026","rel":"","context":"Article similaire","block_context":{"text":"Article similaire","link":""},"img":{"alt_text":"","src":"","width":0,"height":0},"classes":[]},{"id":196,"url":"https:\/\/amicalelaiquelaferte.fr\/index.php\/histoire-de-lamicale\/","url_meta":{"origin":43,"position":5},"title":"Histoire de l&rsquo;Amicale La\u00efque","author":"Amicale","date":"30 mars 2016","format":false,"excerpt":"Monsieur Augustin DUBURCQ d\u00e9c\u00e8de le 5 ao\u00fbt 1930. Par testament, il l\u00e8gue \u00e0 la ville de La Fert\u00e9 sous Jouarre la plus grande partie de sa fortune , en particulier deux immeubles \u00e0 Paris dont les revenus seront s\u00e9par\u00e9s du budget communal et devront \u00eatre destin\u00e9s aux oeuvres post-scolaires des\u2026","rel":"","context":"Article similaire","block_context":{"text":"Article similaire","link":""},"img":{"alt_text":"","src":"https:\/\/i0.wp.com\/amicalelaiquelaferte.fr\/wp-content\/uploads\/2019\/05\/Les-Pr\u00c3\u00a9sidents-212x300.jpg?resize=350%2C200","width":350,"height":200},"classes":[]}],"_links":{"self":[{"href":"https:\/\/amicalelaiquelaferte.fr\/index.php\/wp-json\/wp\/v2\/pages\/43","targetHints":{"allow":["GET"]}}],"collection":[{"href":"https:\/\/amicalelaiquelaferte.fr\/index.php\/wp-json\/wp\/v2\/pages"}],"about":[{"href":"https:\/\/amicalelaiquelaferte.fr\/index.php\/wp-json\/wp\/v2\/types\/page"}],"author":[{"embeddable":true,"href":"https:\/\/amicalelaiquelaferte.fr\/index.php\/wp-json\/wp\/v2\/users\/1"}],"replies":[{"embeddable":true,"href":"https:\/\/amicalelaiquelaferte.fr\/index.php\/wp-json\/wp\/v2\/comments?post=43"}],"version-history":[{"count":36,"href":"https:\/\/amicalelaiquelaferte.fr\/index.php\/wp-json\/wp\/v2\/pages\/43\/revisions"}],"predecessor-version":[{"id":2658,"href":"https:\/\/amicalelaiquelaferte.fr\/index.php\/wp-json\/wp\/v2\/pages\/43\/revisions\/2658"}],"wp:attachment":[{"href":"https:\/\/amicalelaiquelaferte.fr\/index.php\/wp-json\/wp\/v2\/media?parent=43"}],"curies":[{"name":"wp","href":"https:\/\/api.w.org\/{rel}","templated":true}]}}