{"id":51,"date":"2016-03-18T18:53:27","date_gmt":"2016-03-18T17:53:27","guid":{"rendered":"http:\/\/amicalelaiquelaferte.fr\/?page_id=51"},"modified":"2023-04-08T11:04:59","modified_gmt":"2023-04-08T10:04:59","slug":"activites","status":"publish","type":"page","link":"https:\/\/amicalelaiquelaferte.fr\/index.php\/activites\/","title":{"rendered":"Activit\u00e9s"},"content":{"rendered":"<h4><strong><span style=\"color: #800000;\"><em>Gr\u00e2ce au Legs DUBURCQ, L&rsquo;Amicale La\u00efque propose tout au long de l&rsquo;ann\u00e9e diff\u00e9rentes activit\u00e9s pour tous les \u00e2ges.<\/em><\/span><\/strong><\/h4>\n<p>\u00a0<\/p>\n<h4><span style=\"text-decoration: underline; color: #800000;\"><strong>La Mascarade<\/strong><\/span> : <em>(cr\u00e9\u00e9e en 1964)<\/em><\/h4>\n<p>Bal des enfants d\u00e9guis\u00e9s avec spectacle &#8211; Go\u00fbter &#8211; D\u00e9fil\u00e9 &#8211; Bataille de confettis.<\/p>\n<h4><span style=\"text-decoration: underline; color: #800000;\"><strong><span>Les Exp\u00e9riences scientifiques<\/span><\/strong><\/span> :<\/h4>\n<p>Utilisation, explications et compr\u00e9hension, pour les enfants du CM1 et CM2, de plans inclin\u00e9s, leviers, poulies, treuils &#8230; D\u00e9monstrations,\u00a0 mais aussi d\u00e9couverte du syst\u00e8me de fonctionnement des \u00e9cluses, de la pression atmosph\u00e9rique, ou encore de l&rsquo;\u00e9volution de l&rsquo;esp\u00e8ce &#8230; toutes ces exp\u00e9riences \u00e9tant en corr\u00e9lation avec les programmes scolaires.<\/p>\n<p>Depuis 2019, un intervenant scientifique regroupe des \u00e9l\u00e8ves de CM2 ou CM1, voire CE2 ou Coll\u00e8ge, pour des ateliers de loisirs scientifiques. Ces ateliers permettent de d\u00e9couvrir une th\u00e9matique \u00e0 travers la construction individuelle d&rsquo;un jouet p\u00e9dagogique, destin\u00e9 \u00e0 exp\u00e9rimenter des notions de sciences par le jeu<b>. <\/b>Et on en vient tout naturellement \u00e0 <span style=\"color: #993300;\"><strong>participer \u00e0 la<\/strong> <strong>F\u00eate Nationale de la Science ou aux Troph\u00e9es de Robotique<\/strong><\/span> sur des th\u00e8mes donn\u00e9s officiellement.<\/p>\n<h4><span style=\"text-decoration: underline; color: #800000;\"><strong>La Rue aux Enfants<\/strong><\/span> :<em> (cr\u00e9\u00e9e en 1971)<\/em><\/h4>\n<p>Concours de dessin \u00e0 la craie. Go\u00fbter. Maquillage. Apr\u00e8s le passage du jury, les quatre premiers de chaque cat\u00e9gorie sont r\u00e9compens\u00e9s.<\/p>\n<h4><span style=\"text-decoration: underline; color: #800000;\"><strong><span>La F\u00eate des Enfants des Ecoles Publiques<\/span><\/strong><\/span> : <em>(cr\u00e9\u00e9e en 1938)<\/em><\/h4>\n<p>Toute la journ\u00e9e, grande \u00ab\u00a0kermesse\u00a0\u00bb des \u00e9coles : spectacles des \u00e9l\u00e8ves, exposition de leurs travaux, jeux, maquillage, petite restauration &#8211; buvette, ou pique-nique dans le parc.<\/p>\n<h4><span style=\"color: #993366;\"><span style=\"text-decoration: underline; color: #800000;\"><strong>Le voyage de r\u00e9compense<\/strong><\/span><strong><span style=\"color: #800000;\"> offert aux \u00e9l\u00e8ves de l&rsquo;\u00e9cole publique quittant le primaire pour entrer au coll\u00e8ge<\/span><span style=\"color: #000000;\"> :\u00a0<\/span><\/strong><em><span style=\"color: #000000;\">(cr\u00e9\u00e9 en 1951)<\/span><\/em><\/span><\/h4>\n<p>D&rsquo;abord journ\u00e9e de visite comment\u00e9e de villes, ch\u00e2teaux ou monuments, le voyage de r\u00e9compense s&rsquo;est longtemps transform\u00e9 en une journ\u00e9e \u00e0 la mer (Fort Mahon, Trouville). Pendant quelques ann\u00e9es, notre choix s&rsquo;est port\u00e9 sur le parc d&rsquo;attractions de Nigloland pr\u00e8s de Troyes. Depuis la pand\u00e9mie, nous offrons, sur une semaine, une s\u00e9ance de plan\u00e9tarium itin\u00e9rant (lou\u00e9 \u00e0 l&rsquo;Association Plan\u00e8te Sciences de Melun), coupl\u00e9e avec un atelier sur l&rsquo;astronomie.<\/p>\n<h6><strong><span style=\"color: #800000;\"><em>Toutes ces activit\u00e9s-enfants concernent les \u00e9l\u00e8ves des \u00e9coles publiques de la ville, de la maternelle au CM2,\u00a0qui y sont invit\u00e9s individuellement.<\/em><\/span><\/strong><\/h6>\n<p>\u00a0<\/p>\n<h4><span style=\"text-decoration: underline; color: #800000;\"><strong><span>Des Expositions<\/span><\/strong><\/span> : (cr\u00e9\u00e9es en 1999)<\/h4>\n<h6>Peinture, sculpture, photos, travaux des clubs. (Voir \u00ab\u00a0Archives en Photos\u00a0\u00bb)<\/h6>\n<h4><span style=\"text-decoration: underline; color: #800000;\"><strong>Des Concerts<\/strong><\/span> \u00a0<\/h4>\n<h4><span style=\"text-decoration: underline; color: #800000;\"><strong>Des Conf\u00e9rences<\/strong><\/span>\u00a0 (d\u00e8s 1934) \u00a0<\/h4>\n<h4><span style=\"color: #800000;\"><strong><u>Le Salon du Mod\u00e9lisme<\/u><\/strong><\/span> : tous les deux ans\u00a0 <em>(cr\u00e9\u00e9 en 2009)<\/em><\/h4>\n<p>.<\/p>\n\n\n<p><\/p>\n","protected":false},"excerpt":{"rendered":"<p>Gr\u00e2ce au Legs DUBURCQ, L&rsquo;Amicale La\u00efque propose tout au long de l&rsquo;ann\u00e9e diff\u00e9rentes activit\u00e9s pour tous les \u00e2ges. \u00a0 La<\/p>\n","protected":false},"author":1,"featured_media":0,"parent":0,"menu_order":0,"comment_status":"closed","ping_status":"closed","template":"","meta":{"jetpack_post_was_ever_published":false,"footnotes":""},"class_list":["post-51","page","type-page","status-publish","hentry"],"jetpack_sharing_enabled":true,"jetpack_shortlink":"https:\/\/wp.me\/P7n7NQ-P","jetpack-related-posts":[{"id":43,"url":"https:\/\/amicalelaiquelaferte.fr\/index.php\/les-clubs\/","url_meta":{"origin":51,"position":0},"title":"Les clubs","author":"Amicale","date":"18 mars 2016","format":false,"excerpt":"L'amicale La\u00efque propose diff\u00e9rentes activit\u00e9s : Club Mod\u00e9lisme : \"Model Club Fertois Jacques Guerbette\" A partir de 14 ans Responsable Ren\u00e9 Crapart Mardi 18h00 \u00e0 20h00, samedi 15h00 \u00e0 19h00 Contact : 06.04.44.12.66 (cr\u00e9ation 1966) Histoire du club MODELISME - cliquer sur ce lien Club Poterie\u00a0 Responsables Martine Gorbaty Mardi\u2026","rel":"","context":"Article similaire","block_context":{"text":"Article similaire","link":""},"img":{"alt_text":"","src":"","width":0,"height":0},"classes":[]},{"id":196,"url":"https:\/\/amicalelaiquelaferte.fr\/index.php\/histoire-de-lamicale\/","url_meta":{"origin":51,"position":1},"title":"Histoire de l&rsquo;Amicale La\u00efque","author":"Amicale","date":"30 mars 2016","format":false,"excerpt":"Monsieur Augustin DUBURCQ d\u00e9c\u00e8de le 5 ao\u00fbt 1930. Par testament, il l\u00e8gue \u00e0 la ville de La Fert\u00e9 sous Jouarre la plus grande partie de sa fortune , en particulier deux immeubles \u00e0 Paris dont les revenus seront s\u00e9par\u00e9s du budget communal et devront \u00eatre destin\u00e9s aux oeuvres post-scolaires des\u2026","rel":"","context":"Article similaire","block_context":{"text":"Article similaire","link":""},"img":{"alt_text":"","src":"https:\/\/i0.wp.com\/amicalelaiquelaferte.fr\/wp-content\/uploads\/2019\/05\/Les-Pr\u00c3\u00a9sidents-212x300.jpg?resize=350%2C200","width":350,"height":200},"classes":[]},{"id":75,"url":"https:\/\/amicalelaiquelaferte.fr\/index.php\/conseil-dadministration\/","url_meta":{"origin":51,"position":2},"title":"l&rsquo;Association","author":"Amicale","date":"18 mars 2016","format":false,"excerpt":"Les membres du bureau : Pr\u00e9sident : Serge LIVOTI Vice-pr\u00e9sident : Christian GUIHARD Secr\u00e9taire : Benoit NO\u00cbL Secr\u00e9taire-adjointe : Nathalie De VALS Tr\u00e9sorier : Laurent TRIBOUILLARD Tr\u00e9sorier-adjoint : Daniel DUPUIS Membres \u00e9lus du Conseil d'Administration : Charly BIBEYRON,\u00a0 Ren\u00e9 CRAPART, Nathalie DE VALS, Guillaume DIDIER, Daniel DUPUIS, Christian GUIHARD, Delphine\u2026","rel":"","context":"Article similaire","block_context":{"text":"Article similaire","link":""},"img":{"alt_text":"","src":"","width":0,"height":0},"classes":[]},{"id":452,"url":"https:\/\/amicalelaiquelaferte.fr\/index.php\/les-accueils-de-loisirs\/","url_meta":{"origin":51,"position":3},"title":"Les accueils de loisirs","author":"Amicale","date":"17 mai 2018","format":false,"excerpt":"L'ACCUEIL DE LOISIRS (ALSH) accueille vos enfants \u00e0 partir de 3 ans dans un parc bois\u00e9 et entour\u00e9 de murs tous les mercredis et pendant : les vacances d'hiver les vacances de printemps les vacances d'\u00e9t\u00e9 (juillet et ao\u00fbt) les vacances de toussaint Service de cantine Service de garderie \u00e0\u2026","rel":"","context":"Article similaire","block_context":{"text":"Article similaire","link":""},"img":{"alt_text":"","src":"https:\/\/i0.wp.com\/amicalelaiquelaferte.fr\/wp-content\/uploads\/2021\/02\/meli-melo-clsh.jpg?resize=350%2C200&ssl=1","width":350,"height":200},"classes":[]},{"id":28,"url":"https:\/\/amicalelaiquelaferte.fr\/index.php\/nous-contactez\/","url_meta":{"origin":51,"position":4},"title":"Contact","author":"Amicale","date":"18 mars 2016","format":false,"excerpt":"Inscriptions centre de loisirs Aupr\u00e8s de la directrice : Se munir du carnet de sant\u00e9 de l'enfant et des trois derniers bulletins de salaire de la famille. Renseignements 01 60 22 72 21\u00a0(ligne directe du centre de loisirs) email : accueil.loisirs@sfr.fr Secr\u00e9tariat de l'Amicale La\u00efque 01 60 22 21 03\u2026","rel":"","context":"Article similaire","block_context":{"text":"Article similaire","link":""},"img":{"alt_text":"","src":"https:\/\/i0.wp.com\/amicalelaiquelaferte.fr\/wp-content\/uploads\/2016\/03\/Logo-Amicale3-300x300.jpg?resize=350%2C200&ssl=1","width":350,"height":200},"classes":[]},{"id":66,"url":"https:\/\/amicalelaiquelaferte.fr\/index.php\/histoire\/","url_meta":{"origin":51,"position":5},"title":"Augustin DUBURCQ","author":"Amicale","date":"18 mars 2016","format":false,"excerpt":"AUGUSTIN DUBURCQ\u00a0\u00a0 Qui \u00e9tait Augustin Duburcq ? Augustin Duburcq est n\u00e9 le 7 mars 1851 \u00e0 La Fert\u00e9 sous Jouarre o\u00f9 sa famille (implant\u00e9e en Seine et Marne sans doute avant 1655 \u00e0 Meilleray, puis \u00e0 Sept Sorts) vivait d\u00e9j\u00e0 en 1753. A l'\u00e9poque de sa naissance, ses grands-parents maternels\u2026","rel":"","context":"Article similaire","block_context":{"text":"Article similaire","link":""},"img":{"alt_text":"","src":"","width":0,"height":0},"classes":[]}],"_links":{"self":[{"href":"https:\/\/amicalelaiquelaferte.fr\/index.php\/wp-json\/wp\/v2\/pages\/51","targetHints":{"allow":["GET"]}}],"collection":[{"href":"https:\/\/amicalelaiquelaferte.fr\/index.php\/wp-json\/wp\/v2\/pages"}],"about":[{"href":"https:\/\/amicalelaiquelaferte.fr\/index.php\/wp-json\/wp\/v2\/types\/page"}],"author":[{"embeddable":true,"href":"https:\/\/amicalelaiquelaferte.fr\/index.php\/wp-json\/wp\/v2\/users\/1"}],"replies":[{"embeddable":true,"href":"https:\/\/amicalelaiquelaferte.fr\/index.php\/wp-json\/wp\/v2\/comments?post=51"}],"version-history":[{"count":18,"href":"https:\/\/amicalelaiquelaferte.fr\/index.php\/wp-json\/wp\/v2\/pages\/51\/revisions"}],"predecessor-version":[{"id":2730,"href":"https:\/\/amicalelaiquelaferte.fr\/index.php\/wp-json\/wp\/v2\/pages\/51\/revisions\/2730"}],"wp:attachment":[{"href":"https:\/\/amicalelaiquelaferte.fr\/index.php\/wp-json\/wp\/v2\/media?parent=51"}],"curies":[{"name":"wp","href":"https:\/\/api.w.org\/{rel}","templated":true}]}}