{"id":66,"date":"2016-03-18T19:31:07","date_gmt":"2016-03-18T18:31:07","guid":{"rendered":"http:\/\/amicalelaiquelaferte.fr\/?page_id=66"},"modified":"2021-11-30T12:22:47","modified_gmt":"2021-11-30T11:22:47","slug":"histoire","status":"publish","type":"page","link":"https:\/\/amicalelaiquelaferte.fr\/index.php\/histoire\/","title":{"rendered":"Augustin DUBURCQ"},"content":{"rendered":"<h2 style=\"text-align: center;\"><b>AUGUSTIN DUBURCQ&nbsp;&nbsp;<\/b><\/h2>\n<p><b><img loading=\"lazy\" decoding=\"async\" data-attachment-id=\"242\" data-permalink=\"https:\/\/amicalelaiquelaferte.fr\/index.php\/histoire\/capture-decran-2016-08-01-a-08-50-48\/\" data-orig-file=\"https:\/\/i0.wp.com\/amicalelaiquelaferte.fr\/wp-content\/uploads\/2016\/08\/Capture-d\u2019\u00e9cran-2016-08-01-\u00e0-08.50.48.jpg?fit=161%2C203&amp;ssl=1\" data-orig-size=\"161,203\" data-comments-opened=\"0\" data-image-meta=\"{&quot;aperture&quot;:&quot;0&quot;,&quot;credit&quot;:&quot;&quot;,&quot;camera&quot;:&quot;&quot;,&quot;caption&quot;:&quot;&quot;,&quot;created_timestamp&quot;:&quot;0&quot;,&quot;copyright&quot;:&quot;&quot;,&quot;focal_length&quot;:&quot;0&quot;,&quot;iso&quot;:&quot;0&quot;,&quot;shutter_speed&quot;:&quot;0&quot;,&quot;title&quot;:&quot;&quot;,&quot;orientation&quot;:&quot;0&quot;}\" data-image-title=\"Capture d\u2019\u00e9cran 2016-08-01 \u00e0 08.50.48\" data-image-description=\"\" data-image-caption=\"\" data-medium-file=\"https:\/\/i0.wp.com\/amicalelaiquelaferte.fr\/wp-content\/uploads\/2016\/08\/Capture-d\u2019\u00e9cran-2016-08-01-\u00e0-08.50.48.jpg?fit=161%2C203&amp;ssl=1\" data-large-file=\"https:\/\/i0.wp.com\/amicalelaiquelaferte.fr\/wp-content\/uploads\/2016\/08\/Capture-d\u2019\u00e9cran-2016-08-01-\u00e0-08.50.48.jpg?fit=161%2C203&amp;ssl=1\" class=\"alignright size-full wp-image-242\" src=\"https:\/\/i0.wp.com\/amicalelaiquelaferte.fr\/wp-content\/uploads\/2016\/08\/Capture-d\u2019\u00e9cran-2016-08-01-\u00e0-08.50.48.jpg?resize=161%2C203\" alt=\"\" width=\"161\" height=\"203\"  data-recalc-dims=\"1\">Qui \u00e9tait Augustin Duburcq ?<\/b><\/p>\n<p>Augustin Duburcq est n\u00e9 le 7 mars 1851 \u00e0 La Fert\u00e9 sous Jouarre o\u00f9 sa famille (implant\u00e9e en Seine et Marne sans doute avant 1655 \u00e0 Meilleray, puis \u00e0 Sept Sorts) vivait d\u00e9j\u00e0 en 1753.<\/p>\n<p>A l&rsquo;\u00e9poque de sa naissance, ses grands-parents maternels Fran\u00e7ois Daniel Jolly et Rose Magdeleine Colin sont boulangers 29 rue des Pelletiers \u00e0 La Fert\u00e9 sous Jouarre ; un de ses oncles, Charles Ren\u00e9 Duburcq, est libraire et \u00e9diteur de cartes postales \u00e9galement rue des Pelletiers, pr\u00e8s de la Marne.<\/p>\n<p>Comme son p\u00e8re, son grand-p\u00e8re et arri\u00e8re-grand-p\u00e8re l&rsquo;\u00e9taient \u00e0 La Fert\u00e9 sous Jouarre et \u00e0 Sept Sorts, il est entrepreneur de b\u00e2timent \u00e0 Paris. Il r\u00e9alise pour la ville de Paris de nombreux travaux d&rsquo;entretien et de r\u00e9paration en couverture et plomberie des \u00e9difices et b\u00e2timents (agrandissement des mairies des 6\u00e8me et 14\u00e8me arrondissements, construction de l&rsquo;\u00e9cole de la rue Tandou dans le 19\u00e8me &#8230;)<\/p>\n<p>De 1890 \u00e0 1913, Augustin Duburcq est vice-pr\u00e9sident de la Chambre syndicale des Entrepreneurs de Couverture et Plomberie de Paris et de la Seine, Arbitre \u00e0 la Chambre de Commerce de Paris.<\/p>\n<p>On peut dire qu&rsquo;il professe des id\u00e9es tr\u00e8s avanc\u00e9es pour son temps. Radical Socialiste, Libre Penseur, il milite activement pour la la\u00efcit\u00e9.<\/p>\n<p>Vers 1901, il fonde avec Monsieur Chalamon, industriel de Luzancy, son ami, qui deviendra Conseiller G\u00e9n\u00e9ral apr\u00e8s lui, l&rsquo;Association R\u00e9publicaine du Canton de La Fert\u00e9 sous Jouarre.<\/p>\n<p>Le 1er juin 1904, il fonde et est pr\u00e9sident des \u00ab\u00a0P\u00eacheurs Fertois\u00a0\u00bb dont le but est d&rsquo;obtenir l&rsquo;affermage de lots de p\u00eache et veiller \u00e0 leur protection, leur assainissement et leur remplacement. La devise est : \u00ab\u00a0L&rsquo;eau pure pour tous\u00a0\u00bb.<\/p>\n<p>Il est d\u00e9l\u00e9gu\u00e9 cantonal en 1905 puis pr\u00e9sident de ladite d\u00e9l\u00e9gation en 1911.<\/p>\n<p>Le 13 ao\u00fbt 1905, il est \u00e9lu Conseiller G\u00e9n\u00e9ral de Seine et Marne, canton de La Fert\u00e9 sous Jouarre par 1845 voix. Il occupera cette fonction (\u00e0 la commission voierie, \u00e0 la commission des \u00e9valuations de la contribution fonci\u00e8re des propri\u00e9t\u00e9s non b\u00e2ties) pendant vingt ans, jusqu&rsquo;au 31 d\u00e9cembre 1925.<\/p>\n<p>Le 13 juillet 1918, il est nomm\u00e9 Chevalier de L\u00e9gion d&rsquo;Honneur pour son attitude courageuse face \u00e0 l&rsquo;ennemi durant la Premi\u00e8re Guerre Mondiale, ce qui lui avait d\u00e9j\u00e0 valu d&rsquo;\u00eatre cit\u00e9 \u00e0 l&rsquo;ordre de la Nation en janvier 1915. En effet, accus\u00e9 de renseigner les Anglais qui approchaient, il fut retenu en otage par les Allemands avec son ami et cousin par alliance Paul Lallier (qui est mari\u00e9 \u00e0 Z\u00e9phirine Duburcq), maire de La Fert\u00e9 sous Jouarre. Molest\u00e9s, ils seront lib\u00e9r\u00e9s sous les tirs crois\u00e9s des antagonistes lors de la fuite des Allemands devant les Anglais. Il en re\u00e7oit les insignes le 20 ao\u00fbt 1918 des mains de M. Dautresme, Officier de la L\u00e9gion d&rsquo;Honneur, Pr\u00e9fet de Seine et Marne.<\/p>\n<p>D\u00e8s l&rsquo;ordonnance du 21 mars 1916, il devient membre du Comit\u00e9 d\u00e9partemental d&rsquo;Assistance aux militaires tuberculeux qui consiste \u00e0 prendre en charge le malade d\u00e8s sa sortie de la station militaire et \u00e0 assurer, \u00e0 lui et aux siens, l&rsquo;assistance morale, mat\u00e9rielle et p\u00e9cuniaire, et dont le pr\u00e9sident d&rsquo;honneur est le pr\u00e9fet.<\/p>\n<p>Il est pr\u00e9sident de la Section Cantonale des Pupilles de la Nation jusqu&rsquo;en 1923.<\/p>\n<p>Tr\u00e8s pr\u00e9sent dans la vie de la ville (il est conseiller municipal d\u00e8s mai 1904), il est secr\u00e9taire de la caisse des \u00e9coles, membre du bureau des cantines scolaires, pr\u00e9sident-fondateur de la Soci\u00e9t\u00e9 scolaire de Secours Mutuels et de Retraites du canton, pr\u00e9side aux remises des prix de fin d&rsquo;ann\u00e9e scolaire. Il remporte le march\u00e9 de la construction de l&rsquo;\u00e9cole des filles, actuellement \u00e9cole Duburcq, pr\u00e8s de la Marne.<\/p>\n<p>Il se marie avec Eug\u00e9nie Mathilde Cl\u00e9ment le 22 avril 1876 \u00e0 Paris 5\u00e8me (contrat de mariage du 8 avril pass\u00e9 devant ma\u00eetre Rouget, notaire \u00e0 Paris).<\/p>\n<p>Le p\u00e8re d&rsquo;Eug\u00e9nie Mathilde, originaire de la Manche, et ses fr\u00e8res sont entrepreneurs de couverture respectivement rue Cochin et Rue des Saussaies. Jean-Michel Cl\u00e9ment, son p\u00e8re, d\u00e9pose le 1er mai 1850, un brevet d&rsquo;invention pour \u00ab&nbsp;des gradins ou marches en zinc ou tout autre m\u00e9tal fusible, propres \u00e0 faciliter la marche sur toute esp\u00e8ce de toits&nbsp;\u00bb.<\/p>\n<p>Se sont-ils rencontr\u00e9s \u00e0 Paris dans le cadre de sa profession, l&rsquo;a-t-il connue dans notre r\u00e9gion puisque la famille c\u00f4t\u00e9 maternel d&rsquo;Eug\u00e9nie Mathilde est originaire de La Haute Maison, de Saint Jean les Deux Jumeaux et des alentours ? Qui sait ?<\/p>\n<p>De son c\u00f4t\u00e9, Eug\u00e9nie Mathilde, s&rsquo;engage elle aussi dans la vie sociale et pour les plus d\u00e9munis, et devient, en 1903, membre titulaire de la Soci\u00e9t\u00e9 de Solidarit\u00e9 Familiale (Goutte de Lait, section allaitement maternel, refuge ouvroir pour les femmes enceintes \u00e0 Paris 17\u00e8me).<\/p>\n<p>De cette union sont n\u00e9s quatre enfants. La premi\u00e8re fille est n\u00e9e le 24 ao\u00fbt 1877 \u00e0 La Fert\u00e9 sous Jouarre. Elle d\u00e9c\u00e8de \u00e0 Paris le 23 mars 1880 \u00e0 l&rsquo;\u00e2ge de 2 ans 1\/2. Le 14 janvier 1881 na\u00eet \u00e0 Paris une autre petite fille qui ne vivra que 8 jours. Le 21 juillet 1882 na\u00eet un gar\u00e7on, Augustin Eug\u00e8ne. Il d\u00e9c\u00e8de de la scarlatine \u00e0 l&rsquo;\u00e2ge de 20 ans, alors qu&rsquo;il effectue son service militaire. Ren\u00e9 Augustin Eug\u00e8ne na\u00eet le 29 janvier 1886. Dipl\u00f4m\u00e9 de HEC comme son fr\u00e8re l&rsquo;a \u00e9t\u00e9 en 1899, il est pris dans la tourmente de la guerre de 14\/18. Il est caporal au 276\u00e8me R\u00e9giment d&rsquo;Infanterie. Bless\u00e9 le 5 septembre 1914, soign\u00e9 \u00e0 l&rsquo;h\u00f4pital de Chartres par le Dr Maunoury, fr\u00e8re du g\u00e9n\u00e9ral, il y d\u00e9c\u00e8de le 28 d\u00e9cembre.<\/p>\n<p>Eug\u00e9nie Mathilde, qui n&rsquo;a pas support\u00e9 le d\u00e9c\u00e8s de ses trois premiers enfants, est morte de chagrin le 17 octobre 1907.<\/p>\n<p>Leur fils, Ren\u00e9 Augustin Eug\u00e8ne Duburcq, par testament du 20 juillet 1912, a l\u00e9gu\u00e9 au D\u00e9partement de Seine et Marne la nue propri\u00e9t\u00e9 d\u2019une somme de 500.000 francs dont celui-ci aura la jouissance au d\u00e9c\u00e8s de son p\u00e8re Augustin Duburcq, pay\u00e9e dans les six mois de ce d\u00e9c\u00e8s. Le nom donn\u00e9 est : \u00ab Legs Eug\u00e9nie et Ren\u00e9 Duburcq \u00bb. Les revenus plac\u00e9s en rentes de l\u2019\u00e9tat seront employ\u00e9s chaque ann\u00e9e et \u00e0 perp\u00e9tuit\u00e9 en secours et primes dans le d\u00e9partement : 1\/3 entre les familles nombreuses et dans le besoin, 1\/3 aux veuves charg\u00e9es de famille et dans le besoin,1\/3 aux filles m\u00e8res d\u00e9laiss\u00e9es et sans ressources, sans tenir compte des id\u00e9es politiques ou religieuses.<\/p>\n<p>N&rsquo;ayant plus d&rsquo;h\u00e9ritiers directs, Augustin Duburcq fait don \u00e0 la ville de La Fert\u00e9 sous Jouarre de la plus grande partie de sa fortune par testament \u00e9tabli d\u00e8s 1923, et en particulier deux immeubles \u00e0 Paris (avenues Wagram et Poincar\u00e9) dont les revenus, s\u00e9par\u00e9s du budget communal, sont destin\u00e9s \u00ab\u00a0aux oeuvres post scolaires des \u00e9coles communales la\u00efques de La Fert\u00e9 sous Jouarre existantes ou \u00e0 cr\u00e9er\u00a0\u00bb, ainsi qu&rsquo;\u00e0 d&rsquo;autres oeuvres sociales (testament consultable \u00e0 l\u2019Amicale ou sur Internet).<\/p>\n<p>Apr\u00e8s sa mort survenue le 5 ao\u00fbt 1930 dans sa maison de La Haute Vue (sise juste au-dessus de la gare de La Fert\u00e9 sous Jouarre mais d\u00e9molie dans les ann\u00e9es 1980), la ville, reconnaissante, \u00e9rige en 1950 un monument surmont\u00e9 de son buste dans un joli jardinet fleuri, pr\u00e8s de la Marne, \u00e0 c\u00f4t\u00e9 de l&rsquo;\u00e9cole qui porte aujourd&rsquo;hui son nom.<\/p>\n<p style=\"text-align: right;\"><i>Recherches effectu\u00e9es par l\u2019Amicale La\u00efque de 2005 \u00e0 2012<\/i><\/p>\n<p><a href=\"http:\/\/amicalelaiquelaferte.fr\/wp-content\/uploads\/2019\/04\/Photos-de-famille.pdf\">Photos de famille<\/a><\/p>\n<p><a href=\"http:\/\/amicalelaiquelaferte.fr\/wp-content\/uploads\/2019\/04\/Photos-maison.pdf\">Photos maison<\/a><\/p>\n<p><a href=\"http:\/\/amicalelaiquelaferte.fr\/wp-content\/uploads\/2019\/04\/constructions-Duburcq-1.pdf\">Constructions Duburcq<\/a><\/p>\n<p><em>Cliquer sur les liens<\/em><\/p>\n<p><span style=\"color: #800000;\"><strong><em>Sur Internet : G\u00e9n\u00e9alogie de la famille d&rsquo;Augustin Duburcq et d&rsquo;Eug\u00e9nie Cl\u00e9ment<\/em><\/strong><\/span>&nbsp;sur une dizaine de g\u00e9n\u00e9rations : <a href=\"http:\/\/www.geneanet.org\" target=\"_blank\" rel=\"noopener noreferrer\">www.geneanet.org<\/a><\/p>\n<p><em>Dans \u00ab\u00a0recherchez vos anc\u00eatres\u00a0\u00bb taper Duburcq et La Fert\u00e9 sous Jouarre puis \u00ab\u00a0rechercher\u00a0\u00bb&nbsp; et cliquer&nbsp; sur le petit arbre \u00ab\u00a0d&rsquo;Amicale La\u00efque2\u00a0\u00bb. Pour acc\u00e9der \u00e0 l&rsquo;arbre, il faut s&rsquo;inscrire sur le site. C&rsquo;est gratuit et n&rsquo;engage \u00e0 rien mais c&rsquo;est indispensable pour pouvoir naviguer sur toutes les personnes en cliquant sur leur nom.<\/em><\/p>\n<p>Cette g\u00e9n\u00e9alogie compl\u00e8te&nbsp;est&nbsp; consultable \u00e0 l&rsquo;Amicale (qui a fait don \u00e0 la M\u00e9diath\u00e8que Samuel Beckett d&rsquo;un exemplaire que vous pourrez \u00e9galement consulter).<\/p>\n<h4><span style=\"color: #800000;\"><strong>Arbre g\u00e9n\u00e9alogique complet et d\u00e9taill\u00e9<\/strong> (103 pages)<\/span><\/h4>\n<p><a href=\"https:\/\/amicalelaiquelaferte.fr\/wp-content\/uploads\/2020\/07\/GENEALOGIE-DUBURCQ-CLEMENT.pdf\">GENEALOGIE DUBURCQ &#8211; CLEMENT &nbsp; &nbsp; <\/a><span style=\"color: #000000;\">cliquer sur le lien<\/span><\/p>\n<p><em>Pour comprendre, quelques explications :<\/em><\/p>\n<p>Les signes&nbsp; <strong>\u00b0 = naissance, X = mariage, + = d\u00e9c\u00e8s, TD = Tables d\u00e9c\u00e9nales, 1\u00b0N. = premi\u00e8res noces.<\/strong><\/p>\n<p>La <b>num\u00e9rotation de Sosa-Stradonitz<\/b> est une m\u00e9thode de num\u00e9rotation des individus utilis\u00e9e en <a href=\"https:\/\/fr.wikipedia.org\/wiki\/G%C3%A9n%C3%A9alogie\">g\u00e9n\u00e9alogie<\/a> permettant d&rsquo;identifier par un num\u00e9ro unique (devant le nom) chaque anc\u00eatre dans une g\u00e9n\u00e9alogie ascendante.<\/p>\n<p>Le p\u00e8re est toujours le double de l\u2019enfant (soit un n\u00b0 pair), et la m\u00e8re le double + 1 (soit un n\u00b0 impair)<\/p>\n<p>Exemple :&nbsp; &nbsp; &nbsp; &nbsp; &nbsp; &nbsp; &nbsp; &nbsp; &nbsp; &nbsp; &nbsp; &nbsp; &nbsp; &nbsp; &nbsp; &nbsp; Augustin DUBURCQ = sosa 2<\/p>\n<p>Louis Augustin DUBURCQ = sosa 4&nbsp; &nbsp; X&nbsp; &nbsp; &nbsp;Rose Eulalie JOLLY =&nbsp; sosa 5<\/p>\n<p>Augustin Amable DUBURCQ = sosa 8&nbsp; &nbsp;X&nbsp; &nbsp;Marie Catherine BIGOT = sosa 9<\/p>\n<p>Fran\u00e7ois Daniel JOLLY = sosa 10&nbsp; &nbsp; X&nbsp; &nbsp;Rose Magdelaine COLIN = sosa 11<\/p>\n<p><em>Et ainsi de suite\u2026<\/em><\/p>\n<p><strong>L\u2019ast\u00e9risque<\/strong> derri\u00e8re une date signifie que l&rsquo;Amicale&nbsp; poss\u00e8de la photocopie de l\u2019acte en question et donc l\u2019information est v\u00e9rifi\u00e9e.<\/p>\n<p><strong>Sans ast\u00e9risque<\/strong> : soit l&rsquo;acte n&rsquo;a pas \u00e9t\u00e9 trouv\u00e9 (manque dans les archives ou pas d\u2019archives) soit c\u2019est une donn\u00e9e d\u2019un g\u00e9n\u00e9alogiste sur internet dont l&rsquo;acte n&rsquo;a pas \u00e9t\u00e9 trouv\u00e9 et donc, dans un cas comme dans l\u2019autre, ce n\u2019est pas v\u00e9rifi\u00e9.<\/p>\n\n\n<p><\/p>\n\n\n\n<p><\/p>\n\n\n\n<h1 class=\"wp-block-heading\"><strong><span class=\"has-inline-color has-vivid-cyan-blue-color\">Testament d&rsquo;Augustin Duburcq<\/span><\/strong><\/h1>\n\n\n\n<div data-wp-interactive=\"core\/file\" class=\"wp-block-file alignfull\"><object data-wp-bind--hidden=\"!state.hasPdfPreview\" hidden class=\"wp-block-file__embed\" data=\"https:\/\/amicalelaiquelaferte.fr\/wp-content\/uploads\/2021\/11\/Testament-1.pdf\" type=\"application\/pdf\" style=\"width:100%;height:600px\" aria-label=\"Contenu embarqu\u00e9 Contenu embarqu\u00e9 Testament-1..\"><\/object><a href=\"https:\/\/amicalelaiquelaferte.fr\/wp-content\/uploads\/2021\/11\/Testament-1.pdf\">Testament-1<\/a><a href=\"https:\/\/amicalelaiquelaferte.fr\/wp-content\/uploads\/2021\/11\/Testament-1.pdf\" class=\"wp-block-file__button\" download>T\u00e9l\u00e9charger<\/a><\/div>\n\n\n\n<p><em>Cliquer sur le lien ou cliquer sur la page et faites d\u00e9filer.<\/em><\/p>\n","protected":false},"excerpt":{"rendered":"<p>AUGUSTIN DUBURCQ&nbsp;&nbsp; Qui \u00e9tait Augustin Duburcq ? Augustin Duburcq est n\u00e9 le 7 mars 1851 \u00e0 La Fert\u00e9 sous Jouarre<\/p>\n","protected":false},"author":1,"featured_media":0,"parent":0,"menu_order":0,"comment_status":"closed","ping_status":"closed","template":"","meta":{"jetpack_post_was_ever_published":false,"footnotes":""},"class_list":["post-66","page","type-page","status-publish","hentry"],"jetpack_sharing_enabled":true,"jetpack_shortlink":"https:\/\/wp.me\/P7n7NQ-14","jetpack-related-posts":[{"id":196,"url":"https:\/\/amicalelaiquelaferte.fr\/index.php\/histoire-de-lamicale\/","url_meta":{"origin":66,"position":0},"title":"Histoire de l&rsquo;Amicale La\u00efque","author":"Amicale","date":"30 mars 2016","format":false,"excerpt":"Monsieur Augustin DUBURCQ d\u00e9c\u00e8de le 5 ao\u00fbt 1930. Par testament, il l\u00e8gue \u00e0 la ville de La Fert\u00e9 sous Jouarre la plus grande partie de sa fortune , en particulier deux immeubles \u00e0 Paris dont les revenus seront s\u00e9par\u00e9s du budget communal et devront \u00eatre destin\u00e9s aux oeuvres post-scolaires des\u2026","rel":"","context":"Article similaire","block_context":{"text":"Article similaire","link":""},"img":{"alt_text":"","src":"https:\/\/i0.wp.com\/amicalelaiquelaferte.fr\/wp-content\/uploads\/2019\/05\/Les-Pr\u00c3\u00a9sidents-212x300.jpg?resize=350%2C200","width":350,"height":200},"classes":[]},{"id":75,"url":"https:\/\/amicalelaiquelaferte.fr\/index.php\/conseil-dadministration\/","url_meta":{"origin":66,"position":1},"title":"l&rsquo;Association","author":"Amicale","date":"18 mars 2016","format":false,"excerpt":"Les membres du bureau : Pr\u00e9sident : Serge LIVOTI Vice-pr\u00e9sident : Christian GUIHARD Secr\u00e9taire : Benoit NO\u00cbL Secr\u00e9taire-adjointe : Nathalie De VALS Tr\u00e9sorier : Laurent TRIBOUILLARD Tr\u00e9sorier-adjoint : Daniel DUPUIS Membres \u00e9lus du Conseil d'Administration : Charly BIBEYRON,\u00a0 Ren\u00e9 CRAPART, Nathalie DE VALS, Guillaume DIDIER, Daniel DUPUIS, Christian GUIHARD, Delphine\u2026","rel":"","context":"Article similaire","block_context":{"text":"Article similaire","link":""},"img":{"alt_text":"","src":"","width":0,"height":0},"classes":[]},{"id":633,"url":"https:\/\/amicalelaiquelaferte.fr\/index.php\/archives-en-photos\/","url_meta":{"origin":66,"position":2},"title":"Archives en photos","author":"Amicale","date":"14 mai 2019","format":false,"excerpt":"1789 - 1989 Bicentenaire de la R\u00e9volution \u00a0 \u00a0 \u00a0Cliquer sur le liens\u00a0 ci-dessous Participants 1789\u00a0 Photos du spectacle \u00a0 \u00a0 \u00a0 \u00a0 \u00a0 \u00a0 \u00a0 \u00a0 \u00a0 \u00a0 \u00a0 \u00a0 \u00a0 1933 - 2008 Soixante quinze ans de l'Amicale La\u00efque \u00a0 1933 - 2008 : 75 ans Amicale La\u00efque\u00a0\u00a0\u00a0\u00a0\u2026","rel":"","context":"Article similaire","block_context":{"text":"Article similaire","link":""},"img":{"alt_text":"","src":"https:\/\/i0.wp.com\/amicalelaiquelaferte.fr\/wp-content\/uploads\/2020\/12\/Expos-de-1999-a-2007-en-corrige.jpg?resize=350%2C200&ssl=1","width":350,"height":200},"classes":[]},{"id":452,"url":"https:\/\/amicalelaiquelaferte.fr\/index.php\/les-accueils-de-loisirs\/","url_meta":{"origin":66,"position":3},"title":"Les accueils de loisirs","author":"Amicale","date":"17 mai 2018","format":false,"excerpt":"L'ACCUEIL DE LOISIRS (ALSH) accueille vos enfants \u00e0 partir de 3 ans dans un parc bois\u00e9 et entour\u00e9 de murs tous les mercredis et pendant : les vacances d'hiver les vacances de printemps les vacances d'\u00e9t\u00e9 (juillet et ao\u00fbt) les vacances de toussaint Service de cantine Service de garderie \u00e0\u2026","rel":"","context":"Article similaire","block_context":{"text":"Article similaire","link":""},"img":{"alt_text":"","src":"https:\/\/i0.wp.com\/amicalelaiquelaferte.fr\/wp-content\/uploads\/2021\/02\/meli-melo-clsh.jpg?resize=350%2C200&ssl=1","width":350,"height":200},"classes":[]},{"id":28,"url":"https:\/\/amicalelaiquelaferte.fr\/index.php\/nous-contactez\/","url_meta":{"origin":66,"position":4},"title":"Contact","author":"Amicale","date":"18 mars 2016","format":false,"excerpt":"Inscriptions centre de loisirs Aupr\u00e8s de la directrice : Se munir du carnet de sant\u00e9 de l'enfant et des trois derniers bulletins de salaire de la famille. Renseignements 01 60 22 72 21\u00a0(ligne directe du centre de loisirs) email : accueil.loisirs@sfr.fr Secr\u00e9tariat de l'Amicale La\u00efque 01 60 22 21 03\u2026","rel":"","context":"Article similaire","block_context":{"text":"Article similaire","link":""},"img":{"alt_text":"","src":"https:\/\/i0.wp.com\/amicalelaiquelaferte.fr\/wp-content\/uploads\/2016\/03\/Logo-Amicale3-300x300.jpg?resize=350%2C200&ssl=1","width":350,"height":200},"classes":[]},{"id":51,"url":"https:\/\/amicalelaiquelaferte.fr\/index.php\/activites\/","url_meta":{"origin":66,"position":5},"title":"Activit\u00e9s","author":"Amicale","date":"18 mars 2016","format":false,"excerpt":"Gr\u00e2ce au Legs DUBURCQ, L'Amicale La\u00efque propose tout au long de l'ann\u00e9e diff\u00e9rentes activit\u00e9s pour tous les \u00e2ges. \u00a0 La Mascarade : (cr\u00e9\u00e9e en 1964) Bal des enfants d\u00e9guis\u00e9s avec spectacle - Go\u00fbter - D\u00e9fil\u00e9 - Bataille de confettis. Les Exp\u00e9riences scientifiques : Utilisation, explications et compr\u00e9hension, pour les enfants\u2026","rel":"","context":"Article similaire","block_context":{"text":"Article similaire","link":""},"img":{"alt_text":"","src":"","width":0,"height":0},"classes":[]}],"_links":{"self":[{"href":"https:\/\/amicalelaiquelaferte.fr\/index.php\/wp-json\/wp\/v2\/pages\/66","targetHints":{"allow":["GET"]}}],"collection":[{"href":"https:\/\/amicalelaiquelaferte.fr\/index.php\/wp-json\/wp\/v2\/pages"}],"about":[{"href":"https:\/\/amicalelaiquelaferte.fr\/index.php\/wp-json\/wp\/v2\/types\/page"}],"author":[{"embeddable":true,"href":"https:\/\/amicalelaiquelaferte.fr\/index.php\/wp-json\/wp\/v2\/users\/1"}],"replies":[{"embeddable":true,"href":"https:\/\/amicalelaiquelaferte.fr\/index.php\/wp-json\/wp\/v2\/comments?post=66"}],"version-history":[{"count":28,"href":"https:\/\/amicalelaiquelaferte.fr\/index.php\/wp-json\/wp\/v2\/pages\/66\/revisions"}],"predecessor-version":[{"id":2089,"href":"https:\/\/amicalelaiquelaferte.fr\/index.php\/wp-json\/wp\/v2\/pages\/66\/revisions\/2089"}],"wp:attachment":[{"href":"https:\/\/amicalelaiquelaferte.fr\/index.php\/wp-json\/wp\/v2\/media?parent=66"}],"curies":[{"name":"wp","href":"https:\/\/api.w.org\/{rel}","templated":true}]}}