{"id":699,"date":"2021-09-28T15:26:28","date_gmt":"2021-09-28T14:26:28","guid":{"rendered":"http:\/\/amicalelaiquelaferte.fr\/?page_id=699"},"modified":"2021-09-28T16:31:31","modified_gmt":"2021-09-28T15:31:31","slug":"bulletin-de-lamicale","status":"publish","type":"page","link":"https:\/\/amicalelaiquelaferte.fr\/index.php\/bulletin-de-lamicale\/","title":{"rendered":"Bulletin de l&rsquo;Amicale"},"content":{"rendered":"\n<p>Cliquez sur les liens pour lire les bulletins.<\/p>\n\n\n\n<p class=\"has-text-align-center\"><a href=\"https:\/\/amicalelaiquelaferte.fr\/wp-content\/uploads\/2020\/12\/Bulletin-LAmicale-N\u00b0-18-2020.pdf\">Bulletin L&rsquo;Amicale N\u00b0 18 &#8211; 2020<\/a><\/p>\n\n\n\n<p class=\"has-text-align-center\"><a href=\"http:\/\/amicalelaiquelaferte.fr\/wp-content\/uploads\/2019\/12\/Bulletin-LAmicale-N\u00b0-17-2019-1.pdf\">Bulletin L&rsquo;Amicale N\u00b0 17 &#8211; 2019<\/a><\/p>\n\n\n\n<p class=\"has-text-align-center\"><a href=\"http:\/\/amicalelaiquelaferte.fr\/wp-content\/uploads\/2018\/12\/Bulletin-LAmicale-N\u00b0-16-2018.pdf\">Bulletin L&rsquo;Amicale n\u00b0 16 &#8211; 2018<\/a><\/p>\n\n\n\n<p class=\"has-text-align-center\">                                                                                                                        <a href=\"http:\/\/amicalelaiquelaferte.fr\/wp-content\/uploads\/2018\/12\/Bulletin-LAmicale-N\u00b0-15-2017.pdf\">Bulletin L&rsquo;Amicale N\u00b0 15 &#8211; 2017<\/a><\/p>\n\n\n\n<div class=\"wp-block-group is-layout-flow wp-block-group-is-layout-flow\">\n<p class=\"has-text-align-center\">                                                                                                                        <a href=\"https:\/\/amicalelaiquelaferte.fr\/wp-content\/uploads\/2021\/09\/Bulletin-LAmicale-N\u00b0-14-2016.pdf\">Bulletin L&rsquo;Amicale N\u00b0 14 &#8211; 2016<\/a><\/p>\n<\/div>\n\n\n\n<div class=\"wp-block-group is-layout-flow wp-block-group-is-layout-flow\">\n<p class=\"has-text-align-center\"><a href=\"https:\/\/amicalelaiquelaferte.fr\/wp-content\/uploads\/2021\/09\/Bulletin-LAmicale-N\u00b0-13-2015.pdf\">Bulletin L&rsquo;Amicale N\u00b0 13 &#8211; 2015<\/a><\/p>\n<\/div>\n","protected":false},"excerpt":{"rendered":"<p>Cliquez sur les liens pour lire les bulletins. Bulletin L&rsquo;Amicale N\u00b0 18 &#8211; 2020 Bulletin L&rsquo;Amicale N\u00b0 17 &#8211; 2019<\/p>\n","protected":false},"author":1,"featured_media":0,"parent":0,"menu_order":0,"comment_status":"closed","ping_status":"closed","template":"","meta":{"jetpack_post_was_ever_published":false,"footnotes":""},"class_list":["post-699","page","type-page","status-publish","hentry"],"jetpack_sharing_enabled":true,"jetpack_shortlink":"https:\/\/wp.me\/P7n7NQ-bh","jetpack-related-posts":[{"id":28,"url":"https:\/\/amicalelaiquelaferte.fr\/index.php\/nous-contactez\/","url_meta":{"origin":699,"position":0},"title":"Contact","author":"Amicale","date":"18 mars 2016","format":false,"excerpt":"Inscriptions centre de loisirs Aupr\u00e8s de la directrice : Se munir du carnet de sant\u00e9 de l'enfant et des trois derniers bulletins de salaire de la famille. Renseignements 01 60 22 72 21\u00a0(ligne directe du centre de loisirs) email : accueil.loisirs@sfr.fr Secr\u00e9tariat de l'Amicale La\u00efque 01 60 22 21 03\u2026","rel":"","context":"Article similaire","block_context":{"text":"Article similaire","link":""},"img":{"alt_text":"","src":"https:\/\/i0.wp.com\/amicalelaiquelaferte.fr\/wp-content\/uploads\/2016\/03\/Logo-Amicale3-300x300.jpg?resize=350%2C200&ssl=1","width":350,"height":200},"classes":[]},{"id":633,"url":"https:\/\/amicalelaiquelaferte.fr\/index.php\/archives-en-photos\/","url_meta":{"origin":699,"position":1},"title":"Archives en photos","author":"Amicale","date":"14 mai 2019","format":false,"excerpt":"1789 - 1989 Bicentenaire de la R\u00e9volution \u00a0 \u00a0 \u00a0Cliquer sur le liens\u00a0 ci-dessous Participants 1789\u00a0 Photos du spectacle \u00a0 \u00a0 \u00a0 \u00a0 \u00a0 \u00a0 \u00a0 \u00a0 \u00a0 \u00a0 \u00a0 \u00a0 \u00a0 1933 - 2008 Soixante quinze ans de l'Amicale La\u00efque \u00a0 1933 - 2008 : 75 ans Amicale La\u00efque\u00a0\u00a0\u00a0\u00a0\u2026","rel":"","context":"Article similaire","block_context":{"text":"Article similaire","link":""},"img":{"alt_text":"","src":"https:\/\/i0.wp.com\/amicalelaiquelaferte.fr\/wp-content\/uploads\/2020\/12\/Expos-de-1999-a-2007-en-corrige.jpg?resize=350%2C200&ssl=1","width":350,"height":200},"classes":[]},{"id":196,"url":"https:\/\/amicalelaiquelaferte.fr\/index.php\/histoire-de-lamicale\/","url_meta":{"origin":699,"position":2},"title":"Histoire de l&rsquo;Amicale La\u00efque","author":"Amicale","date":"30 mars 2016","format":false,"excerpt":"Monsieur Augustin DUBURCQ d\u00e9c\u00e8de le 5 ao\u00fbt 1930. Par testament, il l\u00e8gue \u00e0 la ville de La Fert\u00e9 sous Jouarre la plus grande partie de sa fortune , en particulier deux immeubles \u00e0 Paris dont les revenus seront s\u00e9par\u00e9s du budget communal et devront \u00eatre destin\u00e9s aux oeuvres post-scolaires des\u2026","rel":"","context":"Article similaire","block_context":{"text":"Article similaire","link":""},"img":{"alt_text":"","src":"https:\/\/i0.wp.com\/amicalelaiquelaferte.fr\/wp-content\/uploads\/2019\/05\/Les-Pr\u00c3\u00a9sidents-212x300.jpg?resize=350%2C200","width":350,"height":200},"classes":[]},{"id":55,"url":"https:\/\/amicalelaiquelaferte.fr\/index.php\/partenaires\/","url_meta":{"origin":699,"position":3},"title":"Partenaires","author":"Amicale","date":"18 mars 2016","format":false,"excerpt":"\u00a0 \u00a0 \u00a0 \u00a0\u00a0 \u00a0 \u00a0 \u00a0 \u00a0 \u00a0 \u00a0 \u00a0 \u00a0 \u00a0 \u00a0 \u00a0 \u00a0 \u00a0 \u00a0 \u00a0 \u00a0 \u00a0 \u00a0 \u00a0 \u00a0 \u00a0 \u00a0 \u00a0 \u00a0 \u00a0 \u00a0 \u00a0 \u00a0 \u00a0 \u00a0 \u00a0 \u00a0 \u00a0 \u00a0 \u00a0 \u00a0 \u00a0 \u00a0 \u00a0 \u00a0 \u00a0","rel":"","context":"Article similaire","block_context":{"text":"Article similaire","link":""},"img":{"alt_text":"","src":"https:\/\/i0.wp.com\/amicalelaiquelaferte.fr\/wp-content\/uploads\/2022\/03\/logo-federation-libre-pensee-nationale.jpg?resize=350%2C200&ssl=1","width":350,"height":200},"classes":[]},{"id":149,"url":"https:\/\/amicalelaiquelaferte.fr\/index.php\/ou-sont-nous\/","url_meta":{"origin":699,"position":4},"title":"O\u00f9 sommes nous","author":"Amicale","date":"22 mars 2016","format":false,"excerpt":"Plan : cliquez sur l'image ci dessous Rue Pierre Marx En\u00a0venant du centre ville \u00a0\u00a0\u00a0\u00a0\u00a0\u00a0\u00a0\u00a0\u00a0\u00a0\u00a0\u00a0\u00a0\u00a0\u00a0\u00a0\u00a0\u00a0\u00a0\u00a0\u00a0\u00a0\u00a0\u00a0\u00a0\u00a0\u00a0\u00a0\u00a0\u00a0\u00a0\u00a0\u00a0\u00a0\u00a0\u00a0\u00a0\u00a0\u00a0\u00a0\u00a0\u00a0\u00a0\u00a0\u00a0\u00a0\u00a0\u00a0\u00a0\u00a0\u00a0\u00a0\u00a0\u00a0\u00a0\u00a0\u00a0\u00a0\u00a0\u00a0\u00a0\u00a0\u00a0\u00a0\u00a0\u00a0En venant de la route d'Ussy \/ Lizy \u00a0\u00a0\u00a0 Salle Pierre Ridart \u00a0 \u00a0 \u00a0 \u00a0 \u00a0 \u00a0 \u00a0 \u00a0 \u00a0 \u00a0 \u00a0 \u00a0 \u00a0 \u00a0 \u00a0 \u00a0 \u00a0 \u00a0 \u00a0 \u00a0 \u00a0 \u00a0 \u00a0 \u00a0\u2026","rel":"","context":"Article similaire","block_context":{"text":"Article similaire","link":""},"img":{"alt_text":"accesAmicale2","src":"https:\/\/i0.wp.com\/amicalelaiquelaferte.fr\/wp-content\/uploads\/2016\/05\/accesAmicale2.jpg?resize=350%2C200","width":350,"height":200},"classes":[]},{"id":43,"url":"https:\/\/amicalelaiquelaferte.fr\/index.php\/les-clubs\/","url_meta":{"origin":699,"position":5},"title":"Les clubs","author":"Amicale","date":"18 mars 2016","format":false,"excerpt":"L'amicale La\u00efque propose diff\u00e9rentes activit\u00e9s : Club Mod\u00e9lisme : \"Model Club Fertois Jacques Guerbette\" A partir de 14 ans Responsable Ren\u00e9 Crapart Mardi 18h00 \u00e0 20h00, samedi 15h00 \u00e0 19h00 Contact : 06.04.44.12.66 (cr\u00e9ation 1966) Histoire du club MODELISME - cliquer sur ce lien Club Poterie\u00a0 Responsables Martine Gorbaty Mardi\u2026","rel":"","context":"Article similaire","block_context":{"text":"Article similaire","link":""},"img":{"alt_text":"","src":"","width":0,"height":0},"classes":[]}],"_links":{"self":[{"href":"https:\/\/amicalelaiquelaferte.fr\/index.php\/wp-json\/wp\/v2\/pages\/699","targetHints":{"allow":["GET"]}}],"collection":[{"href":"https:\/\/amicalelaiquelaferte.fr\/index.php\/wp-json\/wp\/v2\/pages"}],"about":[{"href":"https:\/\/amicalelaiquelaferte.fr\/index.php\/wp-json\/wp\/v2\/types\/page"}],"author":[{"embeddable":true,"href":"https:\/\/amicalelaiquelaferte.fr\/index.php\/wp-json\/wp\/v2\/users\/1"}],"replies":[{"embeddable":true,"href":"https:\/\/amicalelaiquelaferte.fr\/index.php\/wp-json\/wp\/v2\/comments?post=699"}],"version-history":[{"count":23,"href":"https:\/\/amicalelaiquelaferte.fr\/index.php\/wp-json\/wp\/v2\/pages\/699\/revisions"}],"predecessor-version":[{"id":2048,"href":"https:\/\/amicalelaiquelaferte.fr\/index.php\/wp-json\/wp\/v2\/pages\/699\/revisions\/2048"}],"wp:attachment":[{"href":"https:\/\/amicalelaiquelaferte.fr\/index.php\/wp-json\/wp\/v2\/media?parent=699"}],"curies":[{"name":"wp","href":"https:\/\/api.w.org\/{rel}","templated":true}]}}